{"id":403,"date":"2020-01-07T12:51:38","date_gmt":"2020-01-07T11:51:38","guid":{"rendered":"http:\/\/test01.noiza.com\/after-school-activities\/"},"modified":"2026-01-26T14:28:51","modified_gmt":"2026-01-26T13:28:51","slug":"attivita-extrascolastiche","status":"publish","type":"page","link":"https:\/\/www.istrieste.org\/it\/attivita-extrascolastiche\/","title":{"rendered":"Attivit\u00e0 extrascolastiche"},"content":{"rendered":"<p>Anche per il prossimo anno scolastico, nella palestra della scuola, sono previste le attivit\u00e0 extrascolastiche di Minibasket, Pallavolo e Danza Moderna. I contatti principali riceveranno a breve un modulo per iscrivervi alle lezioni di prova. L\u2019eventuale iscrizione definitiva ai corsi verr\u00e0 formalizzata in un secondo momento direttamente con le associazioni sportive.<\/p>\n<p>Qui di seguito trovate le informazioni a riguardo.<\/p>\n<p><strong><u>MINIBASKET<\/u><\/strong> L\u2019attivit\u00e0 viene svolta in collaborazione con l\u2019Azzurra Team Trieste, una delle pi\u00f9 importante realt\u00e0 giovanili triestine che vanta tre centri di minibasket (ASD CMB Arcobaleno, Azzurra RdR e Tigrotti) con oltre 350 iscritti dai 4 agli 11 anni ed un settore giovanile con altri 250 iscritti dai 12 ai 19 anni.<\/p>\n<p>&#8211;\u00a0\u00a0\u00a0\u00a0 <strong><em>Classi<\/em><\/strong>: il corso \u00e8 rivolto ai bambini da K5 a Grade 5.<\/p>\n<p>&#8211;\u00a0\u00a0\u00a0\u00a0 <strong><em>Giornate<\/em><\/strong>: marted\u00ec e gioved\u00ec dalle 16.00 alle 17.15.<\/p>\n<p>&#8211;\u00a0\u00a0\u00a0\u00a0 <strong><em>Durata<\/em><\/strong>: i corsi inizieranno il 23 settembre e termineranno il 28 maggio 2026.<\/p>\n<p>&#8211;\u00a0\u00a0\u00a0\u00a0 <strong><em>Prove gratuite<\/em><\/strong>: sono previste due settimane di prove gratuite.<\/p>\n<p>&#8211;\u00a0\u00a0\u00a0\u00a0 <strong><em>Obiettivi<\/em><\/strong>: promuovere il minibasket come gioco-sport.<\/p>\n<p>&#8211;\u00a0\u00a0\u00a0\u00a0 <strong><em>Istruttori<\/em><\/strong>: il corso sar\u00e0 coordinato dall\u2019istruttore Gabriele Cumbat coadiuvato da assistenti dell\u2019Azzurra.<\/p>\n<p>&#8211;\u00a0\u00a0\u00a0\u00a0 <strong><em>Info<\/em><\/strong>: maggiori informazioni sulla societ\u00e0 sono disponibili sul sito <a href=\"http:\/\/www.arcominibasket.com\">www.arcominibasket.com<\/a> e sui social (Facebook ed Instagram). Per qualsiasi chiarimento potete contattare il Presidente del Centro Minibasket Arcobaleno e Direttore Sportivo di Azzurra Basket, Franco Cumbat (arcominibasket@gmail.com, cell. 328.8317852).<\/p>\n<p><strong><u>PALLAVOLO<\/u><\/strong><strong>:<\/strong> L\u2019attivit\u00e0 viene svolta in collaborazione con l&#8217;Asd Eurovolley School, realt\u00e0 sportiva che sviluppa e perfeziona sistemi di allenamento, affidati ad allenatori qualificati, basati sull&#8217;alfabetizzazione motoria e sull\u2019apprendimento dei gesti della pallavolo.<\/p>\n<p>&#8211;\u00a0\u00a0\u00a0\u00a0 <strong><em>Classi:<\/em><\/strong> il corso \u00e8 rivolto ai ragazzi dalla Grade 3 alla Grade 9.<\/p>\n<p>&#8211;\u00a0\u00a0\u00a0\u00a0 <strong><em>Giornate:<\/em><\/strong> luned\u00ec e mercoled\u00ec dalle 16.00 alle 17.30.<\/p>\n<p>&#8211;\u00a0\u00a0\u00a0\u00a0 <strong><em>Durata:<\/em><\/strong> i corsi inizieranno il 15 settembre e termineranno il 27 maggio 2026.<\/p>\n<p>&#8211;\u00a0\u00a0\u00a0\u00a0 <strong><em>Prove gratuite:<\/em><\/strong> sono previste due settimane di prove gratuite.<\/p>\n<p>&#8211;\u00a0\u00a0\u00a0 <strong><em>Obiettivi:<\/em><\/strong> far apprezzare la pallavolo attraverso un&#8217;attivit\u00e0 motoria, formativa e ludica. I nostri studenti potranno anche partecipare a manifestazioni sportive e tornei.<\/p>\n<p>&#8211;\u00a0\u00a0\u00a0\u00a0 <strong><em>Istruttori:<\/em><\/strong> il corso sar\u00e0 coordinato da Lorenzo Sparello, coadiuvato da assistenti dell\u2019Eurovolley.<\/p>\n<p>&#8211;\u00a0 <strong><em>Info:<\/em><\/strong> Maggiori informazioni sulla societ\u00e0 sono disponibili sul sito <a href=\"http:\/\/www.eurovolleyschool.eu\/\">www.eurovolleyschool.eu<\/a>. Per qualsiasi chiarimento potete contattare il coach Lorenzo Sparello all&#8217;indirizzo lorenzosparello@gmail.com o al numero 348.8841858.<\/p>\n<p><strong><u>DANZA MODERNA<\/u><\/strong><strong>: <\/strong>L\u2019attivit\u00e0 viene svolta in collaborazione con l\u2019EleDance di Eleonora Violin, professionista della danza da oltre 20 anni.<\/p>\n<p>&#8211; <strong><em>Classi<\/em><\/strong>: il corso \u00e8 rivolto ai bambini dalla Kinder 5 alla Grade 8 e da <strong><u>quest\u2019anno ci sar\u00e0 anche la possibilit\u00e0 di coinvolgere un componente della propria famiglia dopo il successo riscontrato durante l\u2019Open Day di danza di giugno scorso<\/u><\/strong>.<\/p>\n<p>&#8211; <strong><em>Giornata<\/em><\/strong>: Il corso si terr\u00e0 ogni venerd\u00ec, dopo l\u2019orario scolastico, avr\u00e0 una durata di un\u2019ora e terminer\u00e0 alle 17.15.<\/p>\n<p>&#8211; <strong><em>Durata<\/em><\/strong>: il corso inizier\u00e0 il 3 ottobre e terminer\u00e0 il 29 maggio 2026.<\/p>\n<p>&#8211; <strong><em>Prove gratuite<\/em><\/strong>: \u00e8 prevista una prova gratuita il 26 settembre.<\/p>\n<p>&#8211; <strong><em>Caratteristiche e obiettivi: <\/em><\/strong>non \u00e8 richiesta nessuna esperienza o prerequisito per partecipare al corso. L\u2019intento \u00e8 quello di insegnare la danza tramite il movimento fisico, con elementi tecnico-didattici studiati per le fasce d\u2019et\u00e0 dei partecipanti. Il corso mira allo sviluppo psicofisico del bambino, tramite un lavoro di coordinamento motorio, di flessibilit\u00e0 ed elasticit\u00e0, coreografico, musicale e creativo, atto a sviluppare le varie capacit\u00e0 cognitive ed artistiche senza dimenticare l\u2019aspetto ludico dell\u2019attivit\u00e0. La possibilit\u00e0 da quest\u2019anno di poter partecipare insieme ad un componente della propria famiglia punta invece ad un raro momento di condivisione e grande passione da svolgere all\u2019unisono con divertimento e spensieratezza. Il corso si concluder\u00e0 con una lezione a porte aperte alla fine dell\u2019anno scolastico e la possibilit\u00e0 di partecipare allo spettacolo della scuola EleDance in teatro.<\/p>\n<p>&#8211; <strong><em>Istruttrice<\/em><\/strong>: il corso sar\u00e0 tenuto dalla dott.ssa Eleonora Violin.<\/p>\n<p>&#8211; <strong><em>Info:<\/em><\/strong> maggiori informazioni sulla societ\u00e0 sono disponibili sul sito <a href=\"http:\/\/www.ele-dance.com\">www.ele-dance.com<\/a>. Per qualsiasi chiarimento potete contattare la dott.ssa Violin al numero 339.4197648 o via mail all\u2019indirizzo info@ele-dance.com<\/p>\n<p><strong><u>NOTA BENE:<\/u><\/strong><\/p>\n<p>Tutti i suddetti corsi <strong><u>si attiveranno solo con un numero minimo di 10 iscritti<\/u><\/strong>. Saranno aperti anche a bambini e ragazzi che non frequentano la nostra scuola, allo scopo di avere dei gruppi adeguatamente numerosi di partecipanti. Per cui, se avete qualche amico interessato all\u2019iniziativa, invitatelo alle lezioni di prova!<\/p>\n","protected":false},"excerpt":{"rendered":"<p>Anche per il prossimo anno scolastico, nella palestra della scuola, sono previste le attivit\u00e0 extrascolastiche di Minibasket, Pallavolo e Danza Moderna. I contatti principali riceveranno a breve un modulo per iscrivervi alle lezioni di prova. L\u2019eventuale iscrizione definitiva ai corsi verr\u00e0 formalizzata in un secondo momento direttamente con le associazioni sportive. Qui di seguito trovate [&hellip;]<\/p>\n","protected":false},"author":1,"featured_media":0,"parent":0,"menu_order":4,"comment_status":"closed","ping_status":"closed","template":"page-general.php","meta":{"_acf_changed":false,"footnotes":""},"class_list":["post-403","page","type-page","status-publish","hentry"],"acf":[],"yoast_head":"<!-- This site is optimized with the Yoast SEO plugin v27.3 - https:\/\/yoast.com\/product\/yoast-seo-wordpress\/ -->\n<title>Attivit\u00e0 extrascolastiche - International School of Trieste<\/title>\n<meta name=\"robots\" content=\"index, follow, max-snippet:-1, max-image-preview:large, max-video-preview:-1\" \/>\n<link rel=\"canonical\" href=\"https:\/\/www.istrieste.org\/it\/attivita-extrascolastiche\/\" \/>\n<meta property=\"og:locale\" content=\"it_IT\" \/>\n<meta property=\"og:type\" content=\"article\" \/>\n<meta property=\"og:title\" content=\"Attivit\u00e0 extrascolastiche - International School of Trieste\" \/>\n<meta property=\"og:description\" content=\"Anche per il prossimo anno scolastico, nella palestra della scuola, sono previste le attivit\u00e0 extrascolastiche di Minibasket, Pallavolo e Danza Moderna. I contatti principali riceveranno a breve un modulo per iscrivervi alle lezioni di prova. L\u2019eventuale iscrizione definitiva ai corsi verr\u00e0 formalizzata in un secondo momento direttamente con le associazioni sportive. Qui di seguito trovate [&hellip;]\" \/>\n<meta property=\"og:url\" content=\"https:\/\/www.istrieste.org\/it\/attivita-extrascolastiche\/\" \/>\n<meta property=\"og:site_name\" content=\"International School of Trieste\" \/>\n<meta property=\"article:modified_time\" content=\"2026-01-26T13:28:51+00:00\" \/>\n<meta name=\"twitter:card\" content=\"summary_large_image\" \/>\n<meta name=\"twitter:label1\" content=\"Tempo di lettura stimato\" \/>\n\t<meta name=\"twitter:data1\" content=\"3 minuti\" \/>\n<script type=\"application\/ld+json\" class=\"yoast-schema-graph\">{\"@context\":\"https:\\\/\\\/schema.org\",\"@graph\":[{\"@type\":\"WebPage\",\"@id\":\"https:\\\/\\\/www.istrieste.org\\\/it\\\/attivita-extrascolastiche\\\/\",\"url\":\"https:\\\/\\\/www.istrieste.org\\\/it\\\/attivita-extrascolastiche\\\/\",\"name\":\"Attivit\u00e0 extrascolastiche - International School of Trieste\",\"isPartOf\":{\"@id\":\"https:\\\/\\\/www.istrieste.org\\\/it\\\/#website\"},\"datePublished\":\"2020-01-07T11:51:38+00:00\",\"dateModified\":\"2026-01-26T13:28:51+00:00\",\"breadcrumb\":{\"@id\":\"https:\\\/\\\/www.istrieste.org\\\/it\\\/attivita-extrascolastiche\\\/#breadcrumb\"},\"inLanguage\":\"it-IT\",\"potentialAction\":[{\"@type\":\"ReadAction\",\"target\":[\"https:\\\/\\\/www.istrieste.org\\\/it\\\/attivita-extrascolastiche\\\/\"]}]},{\"@type\":\"BreadcrumbList\",\"@id\":\"https:\\\/\\\/www.istrieste.org\\\/it\\\/attivita-extrascolastiche\\\/#breadcrumb\",\"itemListElement\":[{\"@type\":\"ListItem\",\"position\":1,\"name\":\"Home\",\"item\":\"https:\\\/\\\/www.istrieste.org\\\/it\\\/\"},{\"@type\":\"ListItem\",\"position\":2,\"name\":\"Attivit\u00e0 extrascolastiche\"}]},{\"@type\":\"WebSite\",\"@id\":\"https:\\\/\\\/www.istrieste.org\\\/it\\\/#website\",\"url\":\"https:\\\/\\\/www.istrieste.org\\\/it\\\/\",\"name\":\"International School of Trieste\",\"description\":\"\",\"potentialAction\":[{\"@type\":\"SearchAction\",\"target\":{\"@type\":\"EntryPoint\",\"urlTemplate\":\"https:\\\/\\\/www.istrieste.org\\\/it\\\/?s={search_term_string}\"},\"query-input\":{\"@type\":\"PropertyValueSpecification\",\"valueRequired\":true,\"valueName\":\"search_term_string\"}}],\"inLanguage\":\"it-IT\"}]}<\/script>\n<!-- \/ Yoast SEO plugin. -->","yoast_head_json":{"title":"Attivit\u00e0 extrascolastiche - International School of Trieste","robots":{"index":"index","follow":"follow","max-snippet":"max-snippet:-1","max-image-preview":"max-image-preview:large","max-video-preview":"max-video-preview:-1"},"canonical":"https:\/\/www.istrieste.org\/it\/attivita-extrascolastiche\/","og_locale":"it_IT","og_type":"article","og_title":"Attivit\u00e0 extrascolastiche - International School of Trieste","og_description":"Anche per il prossimo anno scolastico, nella palestra della scuola, sono previste le attivit\u00e0 extrascolastiche di Minibasket, Pallavolo e Danza Moderna. I contatti principali riceveranno a breve un modulo per iscrivervi alle lezioni di prova. L\u2019eventuale iscrizione definitiva ai corsi verr\u00e0 formalizzata in un secondo momento direttamente con le associazioni sportive. Qui di seguito trovate [&hellip;]","og_url":"https:\/\/www.istrieste.org\/it\/attivita-extrascolastiche\/","og_site_name":"International School of Trieste","article_modified_time":"2026-01-26T13:28:51+00:00","twitter_card":"summary_large_image","twitter_misc":{"Tempo di lettura stimato":"3 minuti"},"schema":{"@context":"https:\/\/schema.org","@graph":[{"@type":"WebPage","@id":"https:\/\/www.istrieste.org\/it\/attivita-extrascolastiche\/","url":"https:\/\/www.istrieste.org\/it\/attivita-extrascolastiche\/","name":"Attivit\u00e0 extrascolastiche - International School of Trieste","isPartOf":{"@id":"https:\/\/www.istrieste.org\/it\/#website"},"datePublished":"2020-01-07T11:51:38+00:00","dateModified":"2026-01-26T13:28:51+00:00","breadcrumb":{"@id":"https:\/\/www.istrieste.org\/it\/attivita-extrascolastiche\/#breadcrumb"},"inLanguage":"it-IT","potentialAction":[{"@type":"ReadAction","target":["https:\/\/www.istrieste.org\/it\/attivita-extrascolastiche\/"]}]},{"@type":"BreadcrumbList","@id":"https:\/\/www.istrieste.org\/it\/attivita-extrascolastiche\/#breadcrumb","itemListElement":[{"@type":"ListItem","position":1,"name":"Home","item":"https:\/\/www.istrieste.org\/it\/"},{"@type":"ListItem","position":2,"name":"Attivit\u00e0 extrascolastiche"}]},{"@type":"WebSite","@id":"https:\/\/www.istrieste.org\/it\/#website","url":"https:\/\/www.istrieste.org\/it\/","name":"International School of Trieste","description":"","potentialAction":[{"@type":"SearchAction","target":{"@type":"EntryPoint","urlTemplate":"https:\/\/www.istrieste.org\/it\/?s={search_term_string}"},"query-input":{"@type":"PropertyValueSpecification","valueRequired":true,"valueName":"search_term_string"}}],"inLanguage":"it-IT"}]}},"_links":{"self":[{"href":"https:\/\/www.istrieste.org\/it\/wp-json\/wp\/v2\/pages\/403","targetHints":{"allow":["GET"]}}],"collection":[{"href":"https:\/\/www.istrieste.org\/it\/wp-json\/wp\/v2\/pages"}],"about":[{"href":"https:\/\/www.istrieste.org\/it\/wp-json\/wp\/v2\/types\/page"}],"author":[{"embeddable":true,"href":"https:\/\/www.istrieste.org\/it\/wp-json\/wp\/v2\/users\/1"}],"replies":[{"embeddable":true,"href":"https:\/\/www.istrieste.org\/it\/wp-json\/wp\/v2\/comments?post=403"}],"version-history":[{"count":41,"href":"https:\/\/www.istrieste.org\/it\/wp-json\/wp\/v2\/pages\/403\/revisions"}],"predecessor-version":[{"id":3746,"href":"https:\/\/www.istrieste.org\/it\/wp-json\/wp\/v2\/pages\/403\/revisions\/3746"}],"wp:attachment":[{"href":"https:\/\/www.istrieste.org\/it\/wp-json\/wp\/v2\/media?parent=403"}],"curies":[{"name":"wp","href":"https:\/\/api.w.org\/{rel}","templated":true}]}}