{"id":399,"date":"2020-01-07T12:48:14","date_gmt":"2020-01-07T11:48:14","guid":{"rendered":"http:\/\/test01.noiza.com\/university-counseling\/"},"modified":"2024-12-19T11:34:19","modified_gmt":"2024-12-19T10:34:19","slug":"orientamento-universitario","status":"publish","type":"page","link":"https:\/\/www.istrieste.org\/it\/servizi-scolastici\/orientamento-universitario\/","title":{"rendered":"Orientamento Universitario"},"content":{"rendered":"<p><iframe title=\"YouTube video player\" src=\"https:\/\/www.youtube.com\/embed\/YtrubuhKEjc?si=DCtvtWWOS-FnEb0m\" width=\"560\" height=\"315\" frameborder=\"0\" allowfullscreen=\"allowfullscreen\"><span data-mce-type=\"bookmark\" style=\"display: inline-block; width: 0px; overflow: hidden; line-height: 0;\" class=\"mce_SELRES_start\">\ufeff<\/span><\/iframe><br \/>\nLo &#8220;<strong>University Counseling Center&#8221;<\/strong>\u00a0della Scuola Internazionale di Trieste offre indicazioni e supporto durante il percorso di orientamento e la compilazione delle domande di ammissione ed iscrizione alle universit\u00e0 italiane e straniere. Un manuale dettagliato viene consegnato agli studenti all&#8217;inizio di Grade 11.<\/p>\n<p>Nello specifico, lo &#8220;University Counseling Center&#8221; offre:<\/p>\n<p>&nbsp;<\/p>\n<p><strong>RISORSE<\/strong><\/p>\n<p>\u2022 Opuscoli di universit\u00e0;<\/p>\n<p>\u2022 Opportunit\u00e0 di volontariato;<\/p>\n<p>\u2022 Preparazione per i test;<\/p>\n<p>\u2022 Opportunit\u00e0 estive di leadership e stage;<\/p>\n<p>\u2022 Orientamento nel percorso di ammissione alle universit\u00e0;<\/p>\n<p>&nbsp;<\/p>\n<p><strong>SUPPORTO<\/strong><\/p>\n<p>\u2022 Domande di ammissione alle universit\u00e0;<\/p>\n<p>\u2022 Registrazione ai test;<\/p>\n<p>\u2022 Definizione di obiettivi, scadenze e possibilit\u00e0 di carriera.<\/p>\n<p>La Scuola Internazionale di Trieste fornisce inoltre i seguenti documenti:<\/p>\n<p>\u2022 Copia ufficiale dei voti ottenuti dallo studente durante il percorso del Liceo;<\/p>\n<p>\u2022 Profilo dell&#8217;IST: descrizione della Scuola, elenco degli accreditamenti di cui gode, status giuridico, valore legale del diploma, curriculum e obiettivi educativi;<\/p>\n<p>\u2022 Pagella \/ lettera di raccomandazione del Counselor (richieste dalle universit\u00e0 canadesi e statunitensi);<\/p>\n<p>\u2022 Lettere di raccomandazione degli insegnanti (da una a tre a seconda delle universit\u00e0);<\/p>\n<p>\u2022 Pagella di met\u00e0 anno (copia ufficiale delle valutazioni dopo il primo semestre, disponibile alla fine di gennaio\/inizi di febbraio);<\/p>\n<p>\u2022 Copia della pagella di fine anno;<\/p>\n<p>\u2022 Copia del diploma.<\/p>\n<p>&nbsp;<\/p>\n<p><strong>GRADE 11<\/strong><\/p>\n<p>Gli studenti cominciano a familiarizzare con lo University Counseling Center.<\/p>\n<p>\u2022 Incontrano il Counselor per parlare degli obiettivi futuri. Controllano i voti ed il programma svolto al fine di comprendere se le votazioni ottenute permettono di raggiungere gli obiettivi che si sono prefissati.<\/p>\n<p>\u2022 Iniziano ad esaminare on line i corsi universitari per comprendere a quali sono interessati.<\/p>\n<p>\u2022 Si preparano e studiano per i test (SATs ed AP) che dovranno sostenere. \u00a0(<a href=\"http:\/\/www.collegeboard.org\/\">http:\/\/www.collegeboard.org<\/a>)<\/p>\n<p>\u2022 In autunno si tengono i test PSAT.<\/p>\n<p>\u2022 Gli studenti partecipano alle presentazioni dei rappresentanti delle universit\u00e0 invitati a visitare la scuola.<\/p>\n<p>&nbsp;<\/p>\n<p><strong>GRADE 12<\/strong><\/p>\n<p>Gli studenti iniziano a riflettere sul contenuto della tesina finale, cercando di pensare a come l&#8217;argomento scelto contribuir\u00e0 alla domanda di ammissione alle universit\u00e0.<\/p>\n<p>\u2022 Prendono appuntamenti individuali con il Counselor e riempiono il questionario dello University Counseling.<\/p>\n<p>\u2022 Viene organizzato un incontro con i genitori per spiegare come funzionano le domande di ammissione.<\/p>\n<p>\u2022 Gli studenti cominciano a valutare la possibilit\u00e0 di borse di studio.<\/p>\n<p>\u2022 Vengono organizzati workshop per guidare gli studenti nella scelta del giusto indirizzo e vengono valutate le possibilit\u00e0 di ammissione a potenziali universit\u00e0. Gli studenti scrivono relazioni, si preparano per i colloqui, programmano visite alle universit\u00e0, studiano per i test e si impegnano per raggiungere una formazione completa.<\/p>\n<p>\u2022 Gli studenti che prendono in considerazione un corso universitario in inglese o un&#8217;universit\u00e0 all&#8217;estero devono registrarsi e sostenere l&#8217;esame TOEFL (Test of English as a Foreign Language) o IELTS (International English Language Testing System).<\/p>\n<p>\u2022 Gli studenti affrontano gli esami AP e SAT I\/II.<\/p>\n<p>\u2022 Tutti gli studenti sono invitati a fissare un colloquio con il direttore e il Counselor alla fine dell&#8217;estate prima dell&#8217;inizio di Grade 13.<\/p>\n<p>&nbsp;<\/p>\n<p><strong>GRADE 13<\/strong><\/p>\n<p>\u2022 All&#8217;inizio dell&#8217;anno scolastico il Counselor incontra gli studenti ed i genitori per valutare le possibili scelte universitarie. Deve essere presentata al Counselor la lista conclusiva delle universit\u00e0 selezionate.<\/p>\n<p>\u2022 In settembre lo UCAS (Centro di ammissione alle Universit\u00e0 del Regno Unito) comincia ad accettare le domande di ammissione.<\/p>\n<p>\u2022 Gli studenti devono richiedere a due insegnanti le lettere di raccomandazione.<\/p>\n<p>\u2022 Gli studenti interessati si registrano per gli esami SAT I\/II.<\/p>\n<p>\u2022 Nel corso dell&#8217;anno viene completata la stesura della tesina.<\/p>\n<p>\u2022 La scadenza per le domande di ammissione attraverso lo UCAS \u00e8 il 15 gennaio (la scadenza per consegnare le domande tramite l&#8217;IST \u00e8 prima della pausa invernale) e le risposte alle domande cominciano a pervenire.<\/p>\n<p>\u2022 Nel corso dell&#8217;anno arrivano le risposte anche da altre universit\u00e0 straniere e gli studenti sono tenuti a notificare alle universit\u00e0 le loro decisioni.<\/p>\n<p>\u2022 In giugno si tiene la cerimonia della graduation.<\/p>\n","protected":false},"excerpt":{"rendered":"<p>\ufeff Lo &#8220;University Counseling Center&#8221;\u00a0della Scuola Internazionale di Trieste offre indicazioni e supporto durante il percorso di orientamento e la compilazione delle domande di ammissione ed iscrizione alle universit\u00e0 italiane e straniere. Un manuale dettagliato viene consegnato agli studenti all&#8217;inizio di Grade 11. Nello specifico, lo &#8220;University Counseling Center&#8221; offre: &nbsp; RISORSE \u2022 Opuscoli di [&hellip;]<\/p>\n","protected":false},"author":1,"featured_media":319,"parent":415,"menu_order":1,"comment_status":"closed","ping_status":"closed","template":"page-general.php","meta":{"_acf_changed":false,"footnotes":""},"class_list":["post-399","page","type-page","status-publish","has-post-thumbnail","hentry"],"acf":[],"yoast_head":"<!-- This site is optimized with the Yoast SEO plugin v27.3 - https:\/\/yoast.com\/product\/yoast-seo-wordpress\/ -->\n<title>Orientamento Universitario - International School of Trieste<\/title>\n<meta name=\"robots\" content=\"index, follow, max-snippet:-1, max-image-preview:large, max-video-preview:-1\" \/>\n<link rel=\"canonical\" href=\"https:\/\/www.istrieste.org\/it\/servizi-scolastici\/orientamento-universitario\/\" \/>\n<meta property=\"og:locale\" content=\"it_IT\" \/>\n<meta property=\"og:type\" content=\"article\" \/>\n<meta property=\"og:title\" content=\"Orientamento Universitario - International School of Trieste\" \/>\n<meta property=\"og:description\" content=\"\ufeff Lo &#8220;University Counseling Center&#8221;\u00a0della Scuola Internazionale di Trieste offre indicazioni e supporto durante il percorso di orientamento e la compilazione delle domande di ammissione ed iscrizione alle universit\u00e0 italiane e straniere. Un manuale dettagliato viene consegnato agli studenti all&#8217;inizio di Grade 11. Nello specifico, lo &#8220;University Counseling Center&#8221; offre: &nbsp; RISORSE \u2022 Opuscoli di [&hellip;]\" \/>\n<meta property=\"og:url\" content=\"https:\/\/www.istrieste.org\/it\/servizi-scolastici\/orientamento-universitario\/\" \/>\n<meta property=\"og:site_name\" content=\"International School of Trieste\" \/>\n<meta property=\"article:modified_time\" content=\"2024-12-19T10:34:19+00:00\" \/>\n<meta property=\"og:image\" content=\"https:\/\/www.istrieste.org\/wp-content\/uploads\/2019\/12\/gr13-2019b.jpg\" \/>\n\t<meta property=\"og:image:width\" content=\"1600\" \/>\n\t<meta property=\"og:image:height\" content=\"1068\" \/>\n\t<meta property=\"og:image:type\" content=\"image\/jpeg\" \/>\n<meta name=\"twitter:card\" content=\"summary_large_image\" \/>\n<meta name=\"twitter:label1\" content=\"Tempo di lettura stimato\" \/>\n\t<meta name=\"twitter:data1\" content=\"4 minuti\" \/>\n<script type=\"application\/ld+json\" class=\"yoast-schema-graph\">{\"@context\":\"https:\\\/\\\/schema.org\",\"@graph\":[{\"@type\":\"WebPage\",\"@id\":\"https:\\\/\\\/www.istrieste.org\\\/it\\\/servizi-scolastici\\\/orientamento-universitario\\\/\",\"url\":\"https:\\\/\\\/www.istrieste.org\\\/it\\\/servizi-scolastici\\\/orientamento-universitario\\\/\",\"name\":\"Orientamento Universitario - International School of Trieste\",\"isPartOf\":{\"@id\":\"https:\\\/\\\/www.istrieste.org\\\/it\\\/#website\"},\"primaryImageOfPage\":{\"@id\":\"https:\\\/\\\/www.istrieste.org\\\/it\\\/servizi-scolastici\\\/orientamento-universitario\\\/#primaryimage\"},\"image\":{\"@id\":\"https:\\\/\\\/www.istrieste.org\\\/it\\\/servizi-scolastici\\\/orientamento-universitario\\\/#primaryimage\"},\"thumbnailUrl\":\"https:\\\/\\\/www.istrieste.org\\\/wp-content\\\/uploads\\\/2019\\\/12\\\/gr13-2019b.jpg\",\"datePublished\":\"2020-01-07T11:48:14+00:00\",\"dateModified\":\"2024-12-19T10:34:19+00:00\",\"breadcrumb\":{\"@id\":\"https:\\\/\\\/www.istrieste.org\\\/it\\\/servizi-scolastici\\\/orientamento-universitario\\\/#breadcrumb\"},\"inLanguage\":\"it-IT\",\"potentialAction\":[{\"@type\":\"ReadAction\",\"target\":[\"https:\\\/\\\/www.istrieste.org\\\/it\\\/servizi-scolastici\\\/orientamento-universitario\\\/\"]}]},{\"@type\":\"ImageObject\",\"inLanguage\":\"it-IT\",\"@id\":\"https:\\\/\\\/www.istrieste.org\\\/it\\\/servizi-scolastici\\\/orientamento-universitario\\\/#primaryimage\",\"url\":\"https:\\\/\\\/www.istrieste.org\\\/wp-content\\\/uploads\\\/2019\\\/12\\\/gr13-2019b.jpg\",\"contentUrl\":\"https:\\\/\\\/www.istrieste.org\\\/wp-content\\\/uploads\\\/2019\\\/12\\\/gr13-2019b.jpg\",\"width\":1600,\"height\":1068},{\"@type\":\"BreadcrumbList\",\"@id\":\"https:\\\/\\\/www.istrieste.org\\\/it\\\/servizi-scolastici\\\/orientamento-universitario\\\/#breadcrumb\",\"itemListElement\":[{\"@type\":\"ListItem\",\"position\":1,\"name\":\"Home\",\"item\":\"https:\\\/\\\/www.istrieste.org\\\/it\\\/\"},{\"@type\":\"ListItem\",\"position\":2,\"name\":\"Servizi scolastici\",\"item\":\"https:\\\/\\\/www.istrieste.org\\\/it\\\/servizi-scolastici\\\/\"},{\"@type\":\"ListItem\",\"position\":3,\"name\":\"Orientamento Universitario\"}]},{\"@type\":\"WebSite\",\"@id\":\"https:\\\/\\\/www.istrieste.org\\\/it\\\/#website\",\"url\":\"https:\\\/\\\/www.istrieste.org\\\/it\\\/\",\"name\":\"International School of Trieste\",\"description\":\"\",\"potentialAction\":[{\"@type\":\"SearchAction\",\"target\":{\"@type\":\"EntryPoint\",\"urlTemplate\":\"https:\\\/\\\/www.istrieste.org\\\/it\\\/?s={search_term_string}\"},\"query-input\":{\"@type\":\"PropertyValueSpecification\",\"valueRequired\":true,\"valueName\":\"search_term_string\"}}],\"inLanguage\":\"it-IT\"}]}<\/script>\n<!-- \/ Yoast SEO plugin. -->","yoast_head_json":{"title":"Orientamento Universitario - International School of Trieste","robots":{"index":"index","follow":"follow","max-snippet":"max-snippet:-1","max-image-preview":"max-image-preview:large","max-video-preview":"max-video-preview:-1"},"canonical":"https:\/\/www.istrieste.org\/it\/servizi-scolastici\/orientamento-universitario\/","og_locale":"it_IT","og_type":"article","og_title":"Orientamento Universitario - International School of Trieste","og_description":"\ufeff Lo &#8220;University Counseling Center&#8221;\u00a0della Scuola Internazionale di Trieste offre indicazioni e supporto durante il percorso di orientamento e la compilazione delle domande di ammissione ed iscrizione alle universit\u00e0 italiane e straniere. Un manuale dettagliato viene consegnato agli studenti all&#8217;inizio di Grade 11. Nello specifico, lo &#8220;University Counseling Center&#8221; offre: &nbsp; RISORSE \u2022 Opuscoli di [&hellip;]","og_url":"https:\/\/www.istrieste.org\/it\/servizi-scolastici\/orientamento-universitario\/","og_site_name":"International School of Trieste","article_modified_time":"2024-12-19T10:34:19+00:00","og_image":[{"width":1600,"height":1068,"url":"https:\/\/www.istrieste.org\/wp-content\/uploads\/2019\/12\/gr13-2019b.jpg","type":"image\/jpeg"}],"twitter_card":"summary_large_image","twitter_misc":{"Tempo di lettura stimato":"4 minuti"},"schema":{"@context":"https:\/\/schema.org","@graph":[{"@type":"WebPage","@id":"https:\/\/www.istrieste.org\/it\/servizi-scolastici\/orientamento-universitario\/","url":"https:\/\/www.istrieste.org\/it\/servizi-scolastici\/orientamento-universitario\/","name":"Orientamento Universitario - International School of Trieste","isPartOf":{"@id":"https:\/\/www.istrieste.org\/it\/#website"},"primaryImageOfPage":{"@id":"https:\/\/www.istrieste.org\/it\/servizi-scolastici\/orientamento-universitario\/#primaryimage"},"image":{"@id":"https:\/\/www.istrieste.org\/it\/servizi-scolastici\/orientamento-universitario\/#primaryimage"},"thumbnailUrl":"https:\/\/www.istrieste.org\/wp-content\/uploads\/2019\/12\/gr13-2019b.jpg","datePublished":"2020-01-07T11:48:14+00:00","dateModified":"2024-12-19T10:34:19+00:00","breadcrumb":{"@id":"https:\/\/www.istrieste.org\/it\/servizi-scolastici\/orientamento-universitario\/#breadcrumb"},"inLanguage":"it-IT","potentialAction":[{"@type":"ReadAction","target":["https:\/\/www.istrieste.org\/it\/servizi-scolastici\/orientamento-universitario\/"]}]},{"@type":"ImageObject","inLanguage":"it-IT","@id":"https:\/\/www.istrieste.org\/it\/servizi-scolastici\/orientamento-universitario\/#primaryimage","url":"https:\/\/www.istrieste.org\/wp-content\/uploads\/2019\/12\/gr13-2019b.jpg","contentUrl":"https:\/\/www.istrieste.org\/wp-content\/uploads\/2019\/12\/gr13-2019b.jpg","width":1600,"height":1068},{"@type":"BreadcrumbList","@id":"https:\/\/www.istrieste.org\/it\/servizi-scolastici\/orientamento-universitario\/#breadcrumb","itemListElement":[{"@type":"ListItem","position":1,"name":"Home","item":"https:\/\/www.istrieste.org\/it\/"},{"@type":"ListItem","position":2,"name":"Servizi scolastici","item":"https:\/\/www.istrieste.org\/it\/servizi-scolastici\/"},{"@type":"ListItem","position":3,"name":"Orientamento Universitario"}]},{"@type":"WebSite","@id":"https:\/\/www.istrieste.org\/it\/#website","url":"https:\/\/www.istrieste.org\/it\/","name":"International School of Trieste","description":"","potentialAction":[{"@type":"SearchAction","target":{"@type":"EntryPoint","urlTemplate":"https:\/\/www.istrieste.org\/it\/?s={search_term_string}"},"query-input":{"@type":"PropertyValueSpecification","valueRequired":true,"valueName":"search_term_string"}}],"inLanguage":"it-IT"}]}},"_links":{"self":[{"href":"https:\/\/www.istrieste.org\/it\/wp-json\/wp\/v2\/pages\/399","targetHints":{"allow":["GET"]}}],"collection":[{"href":"https:\/\/www.istrieste.org\/it\/wp-json\/wp\/v2\/pages"}],"about":[{"href":"https:\/\/www.istrieste.org\/it\/wp-json\/wp\/v2\/types\/page"}],"author":[{"embeddable":true,"href":"https:\/\/www.istrieste.org\/it\/wp-json\/wp\/v2\/users\/1"}],"replies":[{"embeddable":true,"href":"https:\/\/www.istrieste.org\/it\/wp-json\/wp\/v2\/comments?post=399"}],"version-history":[{"count":5,"href":"https:\/\/www.istrieste.org\/it\/wp-json\/wp\/v2\/pages\/399\/revisions"}],"predecessor-version":[{"id":3214,"href":"https:\/\/www.istrieste.org\/it\/wp-json\/wp\/v2\/pages\/399\/revisions\/3214"}],"up":[{"embeddable":true,"href":"https:\/\/www.istrieste.org\/it\/wp-json\/wp\/v2\/pages\/415"}],"wp:featuredmedia":[{"embeddable":true,"href":"https:\/\/www.istrieste.org\/it\/wp-json\/wp\/v2\/media\/319"}],"wp:attachment":[{"href":"https:\/\/www.istrieste.org\/it\/wp-json\/wp\/v2\/media?parent=399"}],"curies":[{"name":"wp","href":"https:\/\/api.w.org\/{rel}","templated":true}]}}