{"id":3557,"date":"2026-03-17T18:04:42","date_gmt":"2026-03-17T17:04:42","guid":{"rendered":"https:\/\/www.istrieste.org\/?page_id=3557"},"modified":"2026-03-17T18:04:42","modified_gmt":"2026-03-17T17:04:42","slug":"offerta-formativa-2","status":"publish","type":"page","link":"https:\/\/www.istrieste.org\/it\/studia-con-noi\/offerta-formativa-2\/","title":{"rendered":"Offerta Formativa"},"content":{"rendered":"<p>Il <strong>nostro obiettivo<\/strong> \u00e8 provvedere a un programma di formazione caratterizzato dall&#8217;internazionalit\u00e0, da un&#8217;istruzione di prim&#8217;ordine, completezza didattica e integrit\u00e0 etica per studenti di culture differenti con prospettive ambiziose.<\/p>\n<p>La <strong>Scuola Internazionale di Trieste<\/strong> \u00e8 situata in una regione d&#8217;Europa storicamente interessante che ci fornisce molte opportunit\u00e0. Come Stato indipendente dal 1947 al 1954, Trieste ha attratto un vasto raggio di centri di eccellenza scientifica quali il <span style=\"font-weight: 400;\"><strong>CBM<\/strong> (Center for Biomolecular Medicine), l&#8217; <strong>ICGEB<\/strong> (International Centre for Genetic Engineering and Biotechnology), la <strong>SISSA<\/strong> (International School for Advanced Studies) and l&#8217;<strong>ICTP<\/strong> (International Centre for Theoretical Physics).\u00a0<\/span><\/p>\n<p>L&#8217;IST collabora con queste realt\u00e0 per organizzare visite alle istituzioni e ospitare interventi di personalit\u00e0 di rilievo nella nostra scuola. La storia della nostra regione e la vicinanza di citt\u00e0 quali Venezia e Lubiana fornisce la possibilit\u00e0 per i nostri studenti di viaggi d&#8217;istruzione mirati sul territorio.<\/p>\n","protected":false},"excerpt":{"rendered":"<p>Il nostro obiettivo \u00e8 provvedere a un programma di formazione caratterizzato dall&#8217;internazionalit\u00e0, da un&#8217;istruzione di prim&#8217;ordine, completezza didattica e integrit\u00e0 etica per studenti di culture differenti con prospettive ambiziose. La Scuola Internazionale di Trieste \u00e8 situata in una regione d&#8217;Europa storicamente interessante che ci fornisce molte opportunit\u00e0. Come Stato indipendente dal 1947 al 1954, Trieste [&hellip;]<\/p>\n","protected":false},"author":4,"featured_media":0,"parent":264,"menu_order":1,"comment_status":"closed","ping_status":"closed","template":"page-side-menu.php","meta":{"_acf_changed":false,"footnotes":""},"class_list":["post-3557","page","type-page","status-publish","hentry"],"acf":[],"yoast_head":"<!-- This site is optimized with the Yoast SEO plugin v27.3 - https:\/\/yoast.com\/product\/yoast-seo-wordpress\/ -->\n<title>Offerta Formativa - International School of Trieste<\/title>\n<meta name=\"robots\" content=\"index, follow, max-snippet:-1, max-image-preview:large, max-video-preview:-1\" \/>\n<link rel=\"canonical\" href=\"https:\/\/www.istrieste.org\/it\/studia-con-noi\/offerta-formativa-2\/\" \/>\n<meta property=\"og:locale\" content=\"it_IT\" \/>\n<meta property=\"og:type\" content=\"article\" \/>\n<meta property=\"og:title\" content=\"Offerta Formativa - International School of Trieste\" \/>\n<meta property=\"og:description\" content=\"Il nostro obiettivo \u00e8 provvedere a un programma di formazione caratterizzato dall&#8217;internazionalit\u00e0, da un&#8217;istruzione di prim&#8217;ordine, completezza didattica e integrit\u00e0 etica per studenti di culture differenti con prospettive ambiziose. La Scuola Internazionale di Trieste \u00e8 situata in una regione d&#8217;Europa storicamente interessante che ci fornisce molte opportunit\u00e0. Come Stato indipendente dal 1947 al 1954, Trieste [&hellip;]\" \/>\n<meta property=\"og:url\" content=\"https:\/\/www.istrieste.org\/it\/studia-con-noi\/offerta-formativa-2\/\" \/>\n<meta property=\"og:site_name\" content=\"International School of Trieste\" \/>\n<meta name=\"twitter:card\" content=\"summary_large_image\" \/>\n<meta name=\"twitter:label1\" content=\"Tempo di lettura stimato\" \/>\n\t<meta name=\"twitter:data1\" content=\"1 minuto\" \/>\n<script type=\"application\/ld+json\" class=\"yoast-schema-graph\">{\"@context\":\"https:\\\/\\\/schema.org\",\"@graph\":[{\"@type\":\"WebPage\",\"@id\":\"https:\\\/\\\/www.istrieste.org\\\/it\\\/studia-con-noi\\\/offerta-formativa-2\\\/\",\"url\":\"https:\\\/\\\/www.istrieste.org\\\/it\\\/studia-con-noi\\\/offerta-formativa-2\\\/\",\"name\":\"Offerta Formativa - International School of Trieste\",\"isPartOf\":{\"@id\":\"https:\\\/\\\/www.istrieste.org\\\/it\\\/#website\"},\"datePublished\":\"2026-03-17T17:04:42+00:00\",\"breadcrumb\":{\"@id\":\"https:\\\/\\\/www.istrieste.org\\\/it\\\/studia-con-noi\\\/offerta-formativa-2\\\/#breadcrumb\"},\"inLanguage\":\"it-IT\",\"potentialAction\":[{\"@type\":\"ReadAction\",\"target\":[\"https:\\\/\\\/www.istrieste.org\\\/it\\\/studia-con-noi\\\/offerta-formativa-2\\\/\"]}]},{\"@type\":\"BreadcrumbList\",\"@id\":\"https:\\\/\\\/www.istrieste.org\\\/it\\\/studia-con-noi\\\/offerta-formativa-2\\\/#breadcrumb\",\"itemListElement\":[{\"@type\":\"ListItem\",\"position\":1,\"name\":\"Home\",\"item\":\"https:\\\/\\\/www.istrieste.org\\\/it\\\/\"},{\"@type\":\"ListItem\",\"position\":2,\"name\":\"Studia con noi\",\"item\":\"https:\\\/\\\/www.istrieste.org\\\/it\\\/studia-con-noi\\\/\"},{\"@type\":\"ListItem\",\"position\":3,\"name\":\"Offerta Formativa\"}]},{\"@type\":\"WebSite\",\"@id\":\"https:\\\/\\\/www.istrieste.org\\\/it\\\/#website\",\"url\":\"https:\\\/\\\/www.istrieste.org\\\/it\\\/\",\"name\":\"International School of Trieste\",\"description\":\"\",\"potentialAction\":[{\"@type\":\"SearchAction\",\"target\":{\"@type\":\"EntryPoint\",\"urlTemplate\":\"https:\\\/\\\/www.istrieste.org\\\/it\\\/?s={search_term_string}\"},\"query-input\":{\"@type\":\"PropertyValueSpecification\",\"valueRequired\":true,\"valueName\":\"search_term_string\"}}],\"inLanguage\":\"it-IT\"}]}<\/script>\n<!-- \/ Yoast SEO plugin. -->","yoast_head_json":{"title":"Offerta Formativa - International School of Trieste","robots":{"index":"index","follow":"follow","max-snippet":"max-snippet:-1","max-image-preview":"max-image-preview:large","max-video-preview":"max-video-preview:-1"},"canonical":"https:\/\/www.istrieste.org\/it\/studia-con-noi\/offerta-formativa-2\/","og_locale":"it_IT","og_type":"article","og_title":"Offerta Formativa - International School of Trieste","og_description":"Il nostro obiettivo \u00e8 provvedere a un programma di formazione caratterizzato dall&#8217;internazionalit\u00e0, da un&#8217;istruzione di prim&#8217;ordine, completezza didattica e integrit\u00e0 etica per studenti di culture differenti con prospettive ambiziose. La Scuola Internazionale di Trieste \u00e8 situata in una regione d&#8217;Europa storicamente interessante che ci fornisce molte opportunit\u00e0. Come Stato indipendente dal 1947 al 1954, Trieste [&hellip;]","og_url":"https:\/\/www.istrieste.org\/it\/studia-con-noi\/offerta-formativa-2\/","og_site_name":"International School of Trieste","twitter_card":"summary_large_image","twitter_misc":{"Tempo di lettura stimato":"1 minuto"},"schema":{"@context":"https:\/\/schema.org","@graph":[{"@type":"WebPage","@id":"https:\/\/www.istrieste.org\/it\/studia-con-noi\/offerta-formativa-2\/","url":"https:\/\/www.istrieste.org\/it\/studia-con-noi\/offerta-formativa-2\/","name":"Offerta Formativa - International School of Trieste","isPartOf":{"@id":"https:\/\/www.istrieste.org\/it\/#website"},"datePublished":"2026-03-17T17:04:42+00:00","breadcrumb":{"@id":"https:\/\/www.istrieste.org\/it\/studia-con-noi\/offerta-formativa-2\/#breadcrumb"},"inLanguage":"it-IT","potentialAction":[{"@type":"ReadAction","target":["https:\/\/www.istrieste.org\/it\/studia-con-noi\/offerta-formativa-2\/"]}]},{"@type":"BreadcrumbList","@id":"https:\/\/www.istrieste.org\/it\/studia-con-noi\/offerta-formativa-2\/#breadcrumb","itemListElement":[{"@type":"ListItem","position":1,"name":"Home","item":"https:\/\/www.istrieste.org\/it\/"},{"@type":"ListItem","position":2,"name":"Studia con noi","item":"https:\/\/www.istrieste.org\/it\/studia-con-noi\/"},{"@type":"ListItem","position":3,"name":"Offerta Formativa"}]},{"@type":"WebSite","@id":"https:\/\/www.istrieste.org\/it\/#website","url":"https:\/\/www.istrieste.org\/it\/","name":"International School of Trieste","description":"","potentialAction":[{"@type":"SearchAction","target":{"@type":"EntryPoint","urlTemplate":"https:\/\/www.istrieste.org\/it\/?s={search_term_string}"},"query-input":{"@type":"PropertyValueSpecification","valueRequired":true,"valueName":"search_term_string"}}],"inLanguage":"it-IT"}]}},"_links":{"self":[{"href":"https:\/\/www.istrieste.org\/it\/wp-json\/wp\/v2\/pages\/3557","targetHints":{"allow":["GET"]}}],"collection":[{"href":"https:\/\/www.istrieste.org\/it\/wp-json\/wp\/v2\/pages"}],"about":[{"href":"https:\/\/www.istrieste.org\/it\/wp-json\/wp\/v2\/types\/page"}],"author":[{"embeddable":true,"href":"https:\/\/www.istrieste.org\/it\/wp-json\/wp\/v2\/users\/4"}],"replies":[{"embeddable":true,"href":"https:\/\/www.istrieste.org\/it\/wp-json\/wp\/v2\/comments?post=3557"}],"version-history":[{"count":1,"href":"https:\/\/www.istrieste.org\/it\/wp-json\/wp\/v2\/pages\/3557\/revisions"}],"predecessor-version":[{"id":4278,"href":"https:\/\/www.istrieste.org\/it\/wp-json\/wp\/v2\/pages\/3557\/revisions\/4278"}],"up":[{"embeddable":true,"href":"https:\/\/www.istrieste.org\/it\/wp-json\/wp\/v2\/pages\/264"}],"wp:attachment":[{"href":"https:\/\/www.istrieste.org\/it\/wp-json\/wp\/v2\/media?parent=3557"}],"curies":[{"name":"wp","href":"https:\/\/api.w.org\/{rel}","templated":true}]}}