{"id":355,"date":"2020-01-07T11:03:06","date_gmt":"2020-01-07T10:03:06","guid":{"rendered":"http:\/\/test01.noiza.com\/vision-and-mission\/"},"modified":"2020-11-19T12:45:24","modified_gmt":"2020-11-19T11:45:24","slug":"vision-and-mission","status":"publish","type":"page","link":"https:\/\/www.istrieste.org\/it\/chi-siamo\/vision-and-mission\/","title":{"rendered":"Missione e finalit\u00e0"},"content":{"rendered":"<p><strong>La Missione <\/strong><\/p>\n<p>La Scuola Internazionale di Trieste vuole offrire un percorso formativo caratterizzato da internazionalit\u00e0, prospettive globali, eccellenza educativa, completezza didattica e integrit\u00e0 etica a studenti di culture diverse che si pongono obiettivi ambiziosi.<\/p>\n<p>&nbsp;<\/p>\n<p><strong>La Visione<\/strong><\/p>\n<p>La nostra sfida \u00e8 sviluppare cultura internazionale, versatilit\u00e0 delle conoscenze, crescita della persona nella sua interezza.<\/p>\n<p>&nbsp;<\/p>\n<p><strong>Gli Obiettivi<\/strong><\/p>\n<p>Per realizzare la propria missione, la Scuola Internazionale di Trieste s\u2019impegna a:<\/p>\n<p>&nbsp;<\/p>\n<ul>\n<li><strong>Sviluppare elevati standard didattici<\/strong><\/li>\n<\/ul>\n<p style=\"padding-left: 40px;\">Lavoriamo per il costante miglioramento dei programmi e delle metodologie d\u2019insegnamento, anche attraverso il continuo confronto con i pi\u00f9 elevati standard internazionali;<\/p>\n<p>&nbsp;<\/p>\n<ul>\n<li><strong>Coltivare uno spirito internazionale<\/strong><\/li>\n<\/ul>\n<p style=\"padding-left: 40px;\">Favoriamo l\u2019integrazione, il lavoro comune, la conoscenza, la valorizzazione delle specificit\u00e0, la pluralit\u00e0 e il rispetto reciproco senza distinzioni;<\/p>\n<p>&nbsp;<\/p>\n<ul>\n<li><strong>Promuovere lo sviluppo della personalit\u00e0<\/strong><\/li>\n<\/ul>\n<p style=\"padding-left: 40px;\">Incoraggiamo la crescita di ciascuno, valorizziamo le caratteristiche, l\u2019autostima, l\u2019immaginazione e gli obiettivi dello studente per contribuire alla formazione di persone consapevoli, mature, impegnate.<\/p>\n<p>&nbsp;<\/p>\n<ul>\n<li><strong>Stimolare la curiosit\u00e0 accademica<\/strong><\/li>\n<\/ul>\n<p style=\"padding-left: 40px;\">Abbracciamo la sfida del diventare persone attive e propositive, desiderose di creare e capaci di affrontare esigenze e risolvere problemi, rivolte positivamente e con spirito critico al mondo che le circonda.<\/p>\n<p>&nbsp;<\/p>\n<ul>\n<li><strong>Costruire la comunit\u00e0<\/strong><\/li>\n<\/ul>\n<p style=\"padding-left: 40px;\">Promuoviamo un senso etico concreto, percepito, interiorizzato e tradotto in comportamento quotidiano, nonch\u00e9 uno spirito comunitario incentrato sul dialogo e il riconoscimento, per radicare i valori dell\u2019identit\u00e0, della responsabilit\u00e0 e della cittadinanza.<\/p>\n","protected":false},"excerpt":{"rendered":"<p>La Missione La Scuola Internazionale di Trieste vuole offrire un percorso formativo caratterizzato da internazionalit\u00e0, prospettive globali, eccellenza educativa, completezza didattica e integrit\u00e0 etica a studenti di culture diverse che si pongono obiettivi ambiziosi. &nbsp; La Visione La nostra sfida \u00e8 sviluppare cultura internazionale, versatilit\u00e0 delle conoscenze, crescita della persona nella sua interezza. &nbsp; Gli [&hellip;]<\/p>\n","protected":false},"author":1,"featured_media":331,"parent":347,"menu_order":6,"comment_status":"closed","ping_status":"closed","template":"page-general.php","meta":{"_acf_changed":false,"footnotes":""},"class_list":["post-355","page","type-page","status-publish","has-post-thumbnail","hentry"],"acf":[],"yoast_head":"<!-- This site is optimized with the Yoast SEO plugin v27.3 - https:\/\/yoast.com\/product\/yoast-seo-wordpress\/ -->\n<title>Missione e finalit\u00e0 - International School of Trieste<\/title>\n<meta name=\"robots\" content=\"index, follow, max-snippet:-1, max-image-preview:large, max-video-preview:-1\" \/>\n<link rel=\"canonical\" href=\"https:\/\/www.istrieste.org\/it\/chi-siamo\/vision-and-mission\/\" \/>\n<meta property=\"og:locale\" content=\"it_IT\" \/>\n<meta property=\"og:type\" content=\"article\" \/>\n<meta property=\"og:title\" content=\"Missione e finalit\u00e0 - International School of Trieste\" \/>\n<meta property=\"og:description\" content=\"La Missione La Scuola Internazionale di Trieste vuole offrire un percorso formativo caratterizzato da internazionalit\u00e0, prospettive globali, eccellenza educativa, completezza didattica e integrit\u00e0 etica a studenti di culture diverse che si pongono obiettivi ambiziosi. &nbsp; La Visione La nostra sfida \u00e8 sviluppare cultura internazionale, versatilit\u00e0 delle conoscenze, crescita della persona nella sua interezza. &nbsp; Gli [&hellip;]\" \/>\n<meta property=\"og:url\" content=\"https:\/\/www.istrieste.org\/it\/chi-siamo\/vision-and-mission\/\" \/>\n<meta property=\"og:site_name\" content=\"International School of Trieste\" \/>\n<meta property=\"article:modified_time\" content=\"2020-11-19T11:45:24+00:00\" \/>\n<meta property=\"og:image\" content=\"https:\/\/www.istrieste.org\/wp-content\/uploads\/2019\/12\/MAS6849.jpg\" \/>\n\t<meta property=\"og:image:width\" content=\"2000\" \/>\n\t<meta property=\"og:image:height\" content=\"1335\" \/>\n\t<meta property=\"og:image:type\" content=\"image\/jpeg\" \/>\n<meta name=\"twitter:card\" content=\"summary_large_image\" \/>\n<meta name=\"twitter:label1\" content=\"Tempo di lettura stimato\" \/>\n\t<meta name=\"twitter:data1\" content=\"1 minuto\" \/>\n<script type=\"application\/ld+json\" class=\"yoast-schema-graph\">{\"@context\":\"https:\\\/\\\/schema.org\",\"@graph\":[{\"@type\":\"WebPage\",\"@id\":\"https:\\\/\\\/www.istrieste.org\\\/it\\\/chi-siamo\\\/vision-and-mission\\\/\",\"url\":\"https:\\\/\\\/www.istrieste.org\\\/it\\\/chi-siamo\\\/vision-and-mission\\\/\",\"name\":\"Missione e finalit\u00e0 - International School of Trieste\",\"isPartOf\":{\"@id\":\"https:\\\/\\\/www.istrieste.org\\\/it\\\/#website\"},\"primaryImageOfPage\":{\"@id\":\"https:\\\/\\\/www.istrieste.org\\\/it\\\/chi-siamo\\\/vision-and-mission\\\/#primaryimage\"},\"image\":{\"@id\":\"https:\\\/\\\/www.istrieste.org\\\/it\\\/chi-siamo\\\/vision-and-mission\\\/#primaryimage\"},\"thumbnailUrl\":\"https:\\\/\\\/www.istrieste.org\\\/wp-content\\\/uploads\\\/2019\\\/12\\\/MAS6849.jpg\",\"datePublished\":\"2020-01-07T10:03:06+00:00\",\"dateModified\":\"2020-11-19T11:45:24+00:00\",\"breadcrumb\":{\"@id\":\"https:\\\/\\\/www.istrieste.org\\\/it\\\/chi-siamo\\\/vision-and-mission\\\/#breadcrumb\"},\"inLanguage\":\"it-IT\",\"potentialAction\":[{\"@type\":\"ReadAction\",\"target\":[\"https:\\\/\\\/www.istrieste.org\\\/it\\\/chi-siamo\\\/vision-and-mission\\\/\"]}]},{\"@type\":\"ImageObject\",\"inLanguage\":\"it-IT\",\"@id\":\"https:\\\/\\\/www.istrieste.org\\\/it\\\/chi-siamo\\\/vision-and-mission\\\/#primaryimage\",\"url\":\"https:\\\/\\\/www.istrieste.org\\\/wp-content\\\/uploads\\\/2019\\\/12\\\/MAS6849.jpg\",\"contentUrl\":\"https:\\\/\\\/www.istrieste.org\\\/wp-content\\\/uploads\\\/2019\\\/12\\\/MAS6849.jpg\",\"width\":2000,\"height\":1335},{\"@type\":\"BreadcrumbList\",\"@id\":\"https:\\\/\\\/www.istrieste.org\\\/it\\\/chi-siamo\\\/vision-and-mission\\\/#breadcrumb\",\"itemListElement\":[{\"@type\":\"ListItem\",\"position\":1,\"name\":\"Home\",\"item\":\"https:\\\/\\\/www.istrieste.org\\\/it\\\/\"},{\"@type\":\"ListItem\",\"position\":2,\"name\":\"Chi siamo\",\"item\":\"https:\\\/\\\/www.istrieste.org\\\/it\\\/chi-siamo\\\/\"},{\"@type\":\"ListItem\",\"position\":3,\"name\":\"Missione e finalit\u00e0\"}]},{\"@type\":\"WebSite\",\"@id\":\"https:\\\/\\\/www.istrieste.org\\\/it\\\/#website\",\"url\":\"https:\\\/\\\/www.istrieste.org\\\/it\\\/\",\"name\":\"International School of Trieste\",\"description\":\"\",\"potentialAction\":[{\"@type\":\"SearchAction\",\"target\":{\"@type\":\"EntryPoint\",\"urlTemplate\":\"https:\\\/\\\/www.istrieste.org\\\/it\\\/?s={search_term_string}\"},\"query-input\":{\"@type\":\"PropertyValueSpecification\",\"valueRequired\":true,\"valueName\":\"search_term_string\"}}],\"inLanguage\":\"it-IT\"}]}<\/script>\n<!-- \/ Yoast SEO plugin. -->","yoast_head_json":{"title":"Missione e finalit\u00e0 - International School of Trieste","robots":{"index":"index","follow":"follow","max-snippet":"max-snippet:-1","max-image-preview":"max-image-preview:large","max-video-preview":"max-video-preview:-1"},"canonical":"https:\/\/www.istrieste.org\/it\/chi-siamo\/vision-and-mission\/","og_locale":"it_IT","og_type":"article","og_title":"Missione e finalit\u00e0 - International School of Trieste","og_description":"La Missione La Scuola Internazionale di Trieste vuole offrire un percorso formativo caratterizzato da internazionalit\u00e0, prospettive globali, eccellenza educativa, completezza didattica e integrit\u00e0 etica a studenti di culture diverse che si pongono obiettivi ambiziosi. &nbsp; La Visione La nostra sfida \u00e8 sviluppare cultura internazionale, versatilit\u00e0 delle conoscenze, crescita della persona nella sua interezza. &nbsp; Gli [&hellip;]","og_url":"https:\/\/www.istrieste.org\/it\/chi-siamo\/vision-and-mission\/","og_site_name":"International School of Trieste","article_modified_time":"2020-11-19T11:45:24+00:00","og_image":[{"width":2000,"height":1335,"url":"https:\/\/www.istrieste.org\/wp-content\/uploads\/2019\/12\/MAS6849.jpg","type":"image\/jpeg"}],"twitter_card":"summary_large_image","twitter_misc":{"Tempo di lettura stimato":"1 minuto"},"schema":{"@context":"https:\/\/schema.org","@graph":[{"@type":"WebPage","@id":"https:\/\/www.istrieste.org\/it\/chi-siamo\/vision-and-mission\/","url":"https:\/\/www.istrieste.org\/it\/chi-siamo\/vision-and-mission\/","name":"Missione e finalit\u00e0 - International School of Trieste","isPartOf":{"@id":"https:\/\/www.istrieste.org\/it\/#website"},"primaryImageOfPage":{"@id":"https:\/\/www.istrieste.org\/it\/chi-siamo\/vision-and-mission\/#primaryimage"},"image":{"@id":"https:\/\/www.istrieste.org\/it\/chi-siamo\/vision-and-mission\/#primaryimage"},"thumbnailUrl":"https:\/\/www.istrieste.org\/wp-content\/uploads\/2019\/12\/MAS6849.jpg","datePublished":"2020-01-07T10:03:06+00:00","dateModified":"2020-11-19T11:45:24+00:00","breadcrumb":{"@id":"https:\/\/www.istrieste.org\/it\/chi-siamo\/vision-and-mission\/#breadcrumb"},"inLanguage":"it-IT","potentialAction":[{"@type":"ReadAction","target":["https:\/\/www.istrieste.org\/it\/chi-siamo\/vision-and-mission\/"]}]},{"@type":"ImageObject","inLanguage":"it-IT","@id":"https:\/\/www.istrieste.org\/it\/chi-siamo\/vision-and-mission\/#primaryimage","url":"https:\/\/www.istrieste.org\/wp-content\/uploads\/2019\/12\/MAS6849.jpg","contentUrl":"https:\/\/www.istrieste.org\/wp-content\/uploads\/2019\/12\/MAS6849.jpg","width":2000,"height":1335},{"@type":"BreadcrumbList","@id":"https:\/\/www.istrieste.org\/it\/chi-siamo\/vision-and-mission\/#breadcrumb","itemListElement":[{"@type":"ListItem","position":1,"name":"Home","item":"https:\/\/www.istrieste.org\/it\/"},{"@type":"ListItem","position":2,"name":"Chi siamo","item":"https:\/\/www.istrieste.org\/it\/chi-siamo\/"},{"@type":"ListItem","position":3,"name":"Missione e finalit\u00e0"}]},{"@type":"WebSite","@id":"https:\/\/www.istrieste.org\/it\/#website","url":"https:\/\/www.istrieste.org\/it\/","name":"International School of Trieste","description":"","potentialAction":[{"@type":"SearchAction","target":{"@type":"EntryPoint","urlTemplate":"https:\/\/www.istrieste.org\/it\/?s={search_term_string}"},"query-input":{"@type":"PropertyValueSpecification","valueRequired":true,"valueName":"search_term_string"}}],"inLanguage":"it-IT"}]}},"_links":{"self":[{"href":"https:\/\/www.istrieste.org\/it\/wp-json\/wp\/v2\/pages\/355","targetHints":{"allow":["GET"]}}],"collection":[{"href":"https:\/\/www.istrieste.org\/it\/wp-json\/wp\/v2\/pages"}],"about":[{"href":"https:\/\/www.istrieste.org\/it\/wp-json\/wp\/v2\/types\/page"}],"author":[{"embeddable":true,"href":"https:\/\/www.istrieste.org\/it\/wp-json\/wp\/v2\/users\/1"}],"replies":[{"embeddable":true,"href":"https:\/\/www.istrieste.org\/it\/wp-json\/wp\/v2\/comments?post=355"}],"version-history":[{"count":0,"href":"https:\/\/www.istrieste.org\/it\/wp-json\/wp\/v2\/pages\/355\/revisions"}],"up":[{"embeddable":true,"href":"https:\/\/www.istrieste.org\/it\/wp-json\/wp\/v2\/pages\/347"}],"wp:featuredmedia":[{"embeddable":true,"href":"https:\/\/www.istrieste.org\/it\/wp-json\/wp\/v2\/media\/331"}],"wp:attachment":[{"href":"https:\/\/www.istrieste.org\/it\/wp-json\/wp\/v2\/media?parent=355"}],"curies":[{"name":"wp","href":"https:\/\/api.w.org\/{rel}","templated":true}]}}