{"id":347,"date":"2020-01-07T10:59:13","date_gmt":"2020-01-07T09:59:13","guid":{"rendered":"http:\/\/test01.noiza.com\/?page_id=347"},"modified":"2024-12-13T10:49:54","modified_gmt":"2024-12-13T09:49:54","slug":"chi-siamo","status":"publish","type":"page","link":"https:\/\/www.istrieste.org\/it\/chi-siamo\/","title":{"rendered":"Chi siamo"},"content":{"rendered":"<p>La Scuola Internazionale di Trieste \u00e8 un ente senza finalit\u00e0 di lucro con lingua di insegnamento inglese, aperta agli studenti di differenti contesti e di tutte le nazionalit\u00e0. Fu fondata nel 1964 su iniziativa del Centro Internazionale di Fisica Teorica (ICTP) e dell&#8217;Associazione Italo-Americana. Ad essi, nel 2005, si \u00e8 unito come associato l&#8217;Area Science Park di Trieste.<\/p>\n<p>&nbsp;<\/p>\n<p><strong>L&#8217;IST \u00e8 l&#8217;unica scuola internazionale in Italia a rilasciare titoli di studio riconosciuti a tutti gli effetti da un&#8217;apposita Legge dello Stato (art. 10, comma 3, della Legge 29 gennaio 1986, n. 26). <\/strong><\/p>\n<p>Il titolo dell&#8217;IST permette in qualsiasi momento allo studente il trasferimento in una scuola pubblica o privata. Alla conclusione del ciclo di studi liceali il diploma consente l&#8217;iscrizione a qualunque Universit\u00e0 italiana e straniera nonch\u00e8 l&#8217;accesso a qualsiasi concorso pubblico in Italia.<\/p>\n<p>&nbsp;<\/p>\n<p>&nbsp;<\/p>\n<p>La scuola si articola in quattro sezioni:<\/p>\n<p>&nbsp;<\/p>\n<p><strong>ASILO NIDO: <\/strong>per alunni dai 2 ai 3 anni;<\/p>\n<p>&nbsp;<\/p>\n<p><strong>SCUOLA MATERNA<\/strong>: per alunni dai 3 ai 6 anni;<\/p>\n<p>&nbsp;<\/p>\n<p><strong>SCUOLA ELEMENTARE<\/strong>: per alunni dai 6 agli 11 anni;<\/p>\n<p>&nbsp;<\/p>\n<p><strong>SCUOLA MEDIA<\/strong>: per alunni dagli 11 ai 14 anni;<\/p>\n<p>&nbsp;<\/p>\n<p><strong>LICEO<\/strong>: per alunni dai 14 ai 19 anni.<\/p>\n<p>&nbsp;<\/p>\n<p>&nbsp;<\/p>\n<p>Tutti i docenti sono di madrelingua e vengono impiegati da tutto il mondo per garantire un&#8217;istruzione internazionale di qualit\u00e0 ai nostri studenti. La lingua italiana \u00e8 parte integrante del programma d&#8217;istruzione per gli studenti delle elementari, medie e superiori.<\/p>\n<p>&nbsp;<\/p>\n<p>Il nostro istituto vanta una proficua e prestigiosa partnership con alcune delle pi\u00f9 grandi istituzioni scientifiche triestine di fama mondiale: il CBM (Centro di Medicina Biomolecolare), l&#8217;ICGEB (Centro Internazionale di Ingegneria Genetica e Biotecnologie), la SISSA (Scuola Internazionale Superiore di Studi Avanzati) e l&#8217;ICTP (Centro Internazionale di Fisica Teorica). Dal 2010 l&#8217;IST \u00e8 diventata Test Center del College Board per gli esami SAT ed AP (www.collegeboard.org), per cui i nostri studenti possono sostenere i suddetti esami in loco.<\/p>\n<p>&nbsp;<\/p>\n<p>La Scuola \u00e8 formalmente accreditata dalla Middle States Association of Schools and Colleges (MSA), \u00e8 membro dello European Council of International Schools (ECIS), del Council of International School (CIS), nonch\u00e9 dell&#8217;Association for the Advancement of International Education (AIEE).<\/p>\n<p>&nbsp;<\/p>\n<p><a href=\"https:\/\/aia-fvg.blogspot.com\/\" target=\"_blank\" rel=\"noopener\"><img decoding=\"async\" class=\"alignleft\" src=\"https:\/\/www.istrieste.org\/wp-content\/uploads\/2022\/06\/aia-1-e1656603383277.png\" alt=\"LOGO AIA\" \/><\/a><a href=\"https:\/\/www.ictp.it\/\" target=\"_blank\" rel=\"noopener\"><img decoding=\"async\" class=\"alignnone\" src=\"https:\/\/www.istrieste.org\/wp-content\/uploads\/2022\/06\/ictp.png\" alt=\"LOGO ICTP\" \/><\/a><a href=\"https:\/\/www.areasciencepark.it\/\" target=\"_blank\" rel=\"noopener\"><img decoding=\"async\" class=\"alignnone\" src=\"https:\/\/www.istrieste.org\/wp-content\/uploads\/2022\/06\/area.png\" alt=\"LOGO AREA SCIENCE PARK\" \/><\/a><\/p>\n","protected":false},"excerpt":{"rendered":"<p>La Scuola Internazionale di Trieste \u00e8 un ente senza finalit\u00e0 di lucro con lingua di insegnamento inglese, aperta agli studenti di differenti contesti e di tutte le nazionalit\u00e0. Fu fondata nel 1964 su iniziativa del Centro Internazionale di Fisica Teorica (ICTP) e dell&#8217;Associazione Italo-Americana. Ad essi, nel 2005, si \u00e8 unito come associato l&#8217;Area Science [&hellip;]<\/p>\n","protected":false},"author":1,"featured_media":327,"parent":0,"menu_order":4,"comment_status":"closed","ping_status":"closed","template":"page-general.php","meta":{"_acf_changed":false,"footnotes":""},"class_list":["post-347","page","type-page","status-publish","has-post-thumbnail","hentry"],"acf":[],"yoast_head":"<!-- This site is optimized with the Yoast SEO plugin v27.4 - https:\/\/yoast.com\/product\/yoast-seo-wordpress\/ -->\n<title>Chi siamo - International School of Trieste<\/title>\n<meta name=\"robots\" content=\"index, follow, max-snippet:-1, max-image-preview:large, max-video-preview:-1\" \/>\n<link rel=\"canonical\" href=\"https:\/\/www.istrieste.org\/it\/chi-siamo\/\" \/>\n<meta property=\"og:locale\" content=\"it_IT\" \/>\n<meta property=\"og:type\" content=\"article\" \/>\n<meta property=\"og:title\" content=\"Chi siamo - International School of Trieste\" \/>\n<meta property=\"og:description\" content=\"La Scuola Internazionale di Trieste \u00e8 un ente senza finalit\u00e0 di lucro con lingua di insegnamento inglese, aperta agli studenti di differenti contesti e di tutte le nazionalit\u00e0. Fu fondata nel 1964 su iniziativa del Centro Internazionale di Fisica Teorica (ICTP) e dell&#8217;Associazione Italo-Americana. Ad essi, nel 2005, si \u00e8 unito come associato l&#8217;Area Science [&hellip;]\" \/>\n<meta property=\"og:url\" content=\"https:\/\/www.istrieste.org\/it\/chi-siamo\/\" \/>\n<meta property=\"og:site_name\" content=\"International School of Trieste\" \/>\n<meta property=\"article:modified_time\" content=\"2024-12-13T09:49:54+00:00\" \/>\n<meta property=\"og:image\" content=\"https:\/\/www.istrieste.org\/wp-content\/uploads\/2019\/12\/MAS6641.jpg\" \/>\n\t<meta property=\"og:image:width\" content=\"2000\" \/>\n\t<meta property=\"og:image:height\" content=\"1335\" \/>\n\t<meta property=\"og:image:type\" content=\"image\/jpeg\" \/>\n<meta name=\"twitter:card\" content=\"summary_large_image\" \/>\n<meta name=\"twitter:label1\" content=\"Tempo di lettura stimato\" \/>\n\t<meta name=\"twitter:data1\" content=\"3 minuti\" \/>\n<script type=\"application\/ld+json\" class=\"yoast-schema-graph\">{\"@context\":\"https:\\\/\\\/schema.org\",\"@graph\":[{\"@type\":\"WebPage\",\"@id\":\"https:\\\/\\\/www.istrieste.org\\\/it\\\/chi-siamo\\\/\",\"url\":\"https:\\\/\\\/www.istrieste.org\\\/it\\\/chi-siamo\\\/\",\"name\":\"Chi siamo - International School of Trieste\",\"isPartOf\":{\"@id\":\"https:\\\/\\\/www.istrieste.org\\\/it\\\/#website\"},\"primaryImageOfPage\":{\"@id\":\"https:\\\/\\\/www.istrieste.org\\\/it\\\/chi-siamo\\\/#primaryimage\"},\"image\":{\"@id\":\"https:\\\/\\\/www.istrieste.org\\\/it\\\/chi-siamo\\\/#primaryimage\"},\"thumbnailUrl\":\"https:\\\/\\\/www.istrieste.org\\\/wp-content\\\/uploads\\\/2019\\\/12\\\/MAS6641.jpg\",\"datePublished\":\"2020-01-07T09:59:13+00:00\",\"dateModified\":\"2024-12-13T09:49:54+00:00\",\"breadcrumb\":{\"@id\":\"https:\\\/\\\/www.istrieste.org\\\/it\\\/chi-siamo\\\/#breadcrumb\"},\"inLanguage\":\"it-IT\",\"potentialAction\":[{\"@type\":\"ReadAction\",\"target\":[\"https:\\\/\\\/www.istrieste.org\\\/it\\\/chi-siamo\\\/\"]}]},{\"@type\":\"ImageObject\",\"inLanguage\":\"it-IT\",\"@id\":\"https:\\\/\\\/www.istrieste.org\\\/it\\\/chi-siamo\\\/#primaryimage\",\"url\":\"https:\\\/\\\/www.istrieste.org\\\/wp-content\\\/uploads\\\/2019\\\/12\\\/MAS6641.jpg\",\"contentUrl\":\"https:\\\/\\\/www.istrieste.org\\\/wp-content\\\/uploads\\\/2019\\\/12\\\/MAS6641.jpg\",\"width\":2000,\"height\":1335},{\"@type\":\"BreadcrumbList\",\"@id\":\"https:\\\/\\\/www.istrieste.org\\\/it\\\/chi-siamo\\\/#breadcrumb\",\"itemListElement\":[{\"@type\":\"ListItem\",\"position\":1,\"name\":\"Home\",\"item\":\"https:\\\/\\\/www.istrieste.org\\\/it\\\/\"},{\"@type\":\"ListItem\",\"position\":2,\"name\":\"Chi siamo\"}]},{\"@type\":\"WebSite\",\"@id\":\"https:\\\/\\\/www.istrieste.org\\\/it\\\/#website\",\"url\":\"https:\\\/\\\/www.istrieste.org\\\/it\\\/\",\"name\":\"International School of Trieste\",\"description\":\"\",\"potentialAction\":[{\"@type\":\"SearchAction\",\"target\":{\"@type\":\"EntryPoint\",\"urlTemplate\":\"https:\\\/\\\/www.istrieste.org\\\/it\\\/?s={search_term_string}\"},\"query-input\":{\"@type\":\"PropertyValueSpecification\",\"valueRequired\":true,\"valueName\":\"search_term_string\"}}],\"inLanguage\":\"it-IT\"}]}<\/script>\n<!-- \/ Yoast SEO plugin. -->","yoast_head_json":{"title":"Chi siamo - International School of Trieste","robots":{"index":"index","follow":"follow","max-snippet":"max-snippet:-1","max-image-preview":"max-image-preview:large","max-video-preview":"max-video-preview:-1"},"canonical":"https:\/\/www.istrieste.org\/it\/chi-siamo\/","og_locale":"it_IT","og_type":"article","og_title":"Chi siamo - International School of Trieste","og_description":"La Scuola Internazionale di Trieste \u00e8 un ente senza finalit\u00e0 di lucro con lingua di insegnamento inglese, aperta agli studenti di differenti contesti e di tutte le nazionalit\u00e0. Fu fondata nel 1964 su iniziativa del Centro Internazionale di Fisica Teorica (ICTP) e dell&#8217;Associazione Italo-Americana. Ad essi, nel 2005, si \u00e8 unito come associato l&#8217;Area Science [&hellip;]","og_url":"https:\/\/www.istrieste.org\/it\/chi-siamo\/","og_site_name":"International School of Trieste","article_modified_time":"2024-12-13T09:49:54+00:00","og_image":[{"width":2000,"height":1335,"url":"https:\/\/www.istrieste.org\/wp-content\/uploads\/2019\/12\/MAS6641.jpg","type":"image\/jpeg"}],"twitter_card":"summary_large_image","twitter_misc":{"Tempo di lettura stimato":"3 minuti"},"schema":{"@context":"https:\/\/schema.org","@graph":[{"@type":"WebPage","@id":"https:\/\/www.istrieste.org\/it\/chi-siamo\/","url":"https:\/\/www.istrieste.org\/it\/chi-siamo\/","name":"Chi siamo - International School of Trieste","isPartOf":{"@id":"https:\/\/www.istrieste.org\/it\/#website"},"primaryImageOfPage":{"@id":"https:\/\/www.istrieste.org\/it\/chi-siamo\/#primaryimage"},"image":{"@id":"https:\/\/www.istrieste.org\/it\/chi-siamo\/#primaryimage"},"thumbnailUrl":"https:\/\/www.istrieste.org\/wp-content\/uploads\/2019\/12\/MAS6641.jpg","datePublished":"2020-01-07T09:59:13+00:00","dateModified":"2024-12-13T09:49:54+00:00","breadcrumb":{"@id":"https:\/\/www.istrieste.org\/it\/chi-siamo\/#breadcrumb"},"inLanguage":"it-IT","potentialAction":[{"@type":"ReadAction","target":["https:\/\/www.istrieste.org\/it\/chi-siamo\/"]}]},{"@type":"ImageObject","inLanguage":"it-IT","@id":"https:\/\/www.istrieste.org\/it\/chi-siamo\/#primaryimage","url":"https:\/\/www.istrieste.org\/wp-content\/uploads\/2019\/12\/MAS6641.jpg","contentUrl":"https:\/\/www.istrieste.org\/wp-content\/uploads\/2019\/12\/MAS6641.jpg","width":2000,"height":1335},{"@type":"BreadcrumbList","@id":"https:\/\/www.istrieste.org\/it\/chi-siamo\/#breadcrumb","itemListElement":[{"@type":"ListItem","position":1,"name":"Home","item":"https:\/\/www.istrieste.org\/it\/"},{"@type":"ListItem","position":2,"name":"Chi siamo"}]},{"@type":"WebSite","@id":"https:\/\/www.istrieste.org\/it\/#website","url":"https:\/\/www.istrieste.org\/it\/","name":"International School of Trieste","description":"","potentialAction":[{"@type":"SearchAction","target":{"@type":"EntryPoint","urlTemplate":"https:\/\/www.istrieste.org\/it\/?s={search_term_string}"},"query-input":{"@type":"PropertyValueSpecification","valueRequired":true,"valueName":"search_term_string"}}],"inLanguage":"it-IT"}]}},"_links":{"self":[{"href":"https:\/\/www.istrieste.org\/it\/wp-json\/wp\/v2\/pages\/347","targetHints":{"allow":["GET"]}}],"collection":[{"href":"https:\/\/www.istrieste.org\/it\/wp-json\/wp\/v2\/pages"}],"about":[{"href":"https:\/\/www.istrieste.org\/it\/wp-json\/wp\/v2\/types\/page"}],"author":[{"embeddable":true,"href":"https:\/\/www.istrieste.org\/it\/wp-json\/wp\/v2\/users\/1"}],"replies":[{"embeddable":true,"href":"https:\/\/www.istrieste.org\/it\/wp-json\/wp\/v2\/comments?post=347"}],"version-history":[{"count":9,"href":"https:\/\/www.istrieste.org\/it\/wp-json\/wp\/v2\/pages\/347\/revisions"}],"predecessor-version":[{"id":3135,"href":"https:\/\/www.istrieste.org\/it\/wp-json\/wp\/v2\/pages\/347\/revisions\/3135"}],"wp:featuredmedia":[{"embeddable":true,"href":"https:\/\/www.istrieste.org\/it\/wp-json\/wp\/v2\/media\/327"}],"wp:attachment":[{"href":"https:\/\/www.istrieste.org\/it\/wp-json\/wp\/v2\/media?parent=347"}],"curies":[{"name":"wp","href":"https:\/\/api.w.org\/{rel}","templated":true}]}}