{"id":345,"date":"2020-01-07T10:53:28","date_gmt":"2020-01-07T09:53:28","guid":{"rendered":"http:\/\/test01.noiza.com\/directors-welcome\/"},"modified":"2026-02-12T10:28:07","modified_gmt":"2026-02-12T09:28:07","slug":"benvenuto-del-direttore","status":"publish","type":"page","link":"https:\/\/www.istrieste.org\/it\/chi-siamo\/benvenuto-del-direttore\/","title":{"rendered":"Benvenuto della direttrice"},"content":{"rendered":"<p style=\"text-align: justify;\"><img decoding=\"async\" class=\" wp-image-1897 alignleft\" src=\"https:\/\/www.istrieste.org\/wp-content\/uploads\/2022\/03\/Carrie-300x200.jpg\" alt=\"\" width=\"276\" height=\"184\" srcset=\"https:\/\/www.istrieste.org\/wp-content\/uploads\/2022\/03\/Carrie-300x200.jpg 300w, https:\/\/www.istrieste.org\/wp-content\/uploads\/2022\/03\/Carrie-1024x682.jpg 1024w, https:\/\/www.istrieste.org\/wp-content\/uploads\/2022\/03\/Carrie-768x512.jpg 768w, https:\/\/www.istrieste.org\/wp-content\/uploads\/2022\/03\/Carrie-1536x1023.jpg 1536w, https:\/\/www.istrieste.org\/wp-content\/uploads\/2022\/03\/Carrie-630x420.jpg 630w, https:\/\/www.istrieste.org\/wp-content\/uploads\/2022\/03\/Carrie.jpg 1600w\" sizes=\"(max-width: 276px) 100vw, 276px\" \/><\/p>\n<p style=\"text-align: justify;\"><span style=\"vertical-align: inherit;\"><span style=\"vertical-align: inherit;\">Benvenuti alla Scuola Internazionale di Trieste. <\/span><span style=\"vertical-align: inherit;\">L&#8217;IST accoglie circa 350 studenti di 35 nazionalit\u00e0 diverse e gode di una sede sulle colline del Carso che incornicia la citt\u00e0 di Trieste.<\/span><\/span><\/p>\n<p>&nbsp;<\/p>\n<p style=\"text-align: justify;\"><span style=\"vertical-align: inherit;\"><span style=\"vertical-align: inherit;\">Studiare all&#8217;IST \u00e8 un&#8217;esperienza particolarmente stimolante. <\/span><\/span><span style=\"vertical-align: inherit;\"><span style=\"vertical-align: inherit;\">L&#8217;IST incoraggia l&#8217;apertura e le opportunit\u00e0, la collaborazione e un senso di empatia che stimolano ad esplorare interessanti prospettive provenienti da tutto il mondo.<\/span><\/span><\/p>\n<p>&nbsp;<\/p>\n<p style=\"text-align: justify;\"><span style=\"vertical-align: inherit;\"><span style=\"vertical-align: inherit;\">Camminare attraverso i corridoi dell&#8217;IST significa venire in contatto direttamente con questo ambiente unico. <\/span><\/span><span style=\"vertical-align: inherit;\"><span style=\"vertical-align: inherit;\">Dall&#8217;asilo fino al liceo, dai laboratori di scienze fino alle aule di lingue con metodo immersivo, dalle gite locali per scoprire le bellezze naturali di Trieste fino ai viaggi d&#8217;istruzione alla scoperta delle capitali europee, gli studenti dell&#8217;IST sono incoraggiati ad andare oltre i loro riferimenti individuali e a lavorare insieme per trovare risposte e soluzioni. <\/span><span style=\"vertical-align: inherit;\">I nostri studenti sono sempre partecipi e hanno un occhio di riguardo per il loro apprendimento attivo,\u00a0 attraverso il coinvolgimento nei club, negli eventi della comunit\u00e0 e nelle idee ed iniziative che loro stessi promuovono.<\/span><\/span><\/p>\n<p>&nbsp;<\/p>\n<p style=\"text-align: justify;\"><span style=\"vertical-align: inherit;\"><span style=\"vertical-align: inherit;\">In quanto ambiente di istruzione e apprendimento stimolante, l&#8217;IST e tutta la\u00a0 comunit\u00e0 della scuola si adoperano per riflettere il mondo globalizzato in cui viviamo. <\/span><span style=\"vertical-align: inherit;\">Comprendere e apprezzare la diversit\u00e0 \u00e8 un punto cruciale nell&#8217;apprendimento dei nostri studenti. <\/span><span style=\"vertical-align: inherit;\">Per questo, i nostri insegnanti non solo vantano un curriculum internazionale, ma inoltre in classe creano un&#8217;atmosfera di attenzione e rispetto.<\/span><\/span><\/p>\n<p>&nbsp;<\/p>\n<p style=\"text-align: justify;\"><span style=\"vertical-align: inherit;\"><span style=\"vertical-align: inherit;\">Con pi\u00f9 di 50 anni di storia alle nostre spalle, fondata e modellata sul contesto internazionale di Trieste, l&#8217;IST \u00e8 una scuola proiettata al futuro. <\/span><span style=\"vertical-align: inherit;\">Non vediamo l&#8217;ora di accogliervi.<\/span><\/span><\/p>\n<p>&nbsp;<\/p>\n<p><span style=\"vertical-align: inherit;\"><span style=\"vertical-align: inherit;\">La Direttrice<\/span><\/span><\/p>\n<p><span style=\"vertical-align: inherit;\"><span style=\"vertical-align: inherit;\">Carrie Pierson<\/span><\/span><\/p>\n","protected":false},"excerpt":{"rendered":"<p>Benvenuti alla Scuola Internazionale di Trieste. L&#8217;IST accoglie circa 350 studenti di 35 nazionalit\u00e0 diverse e gode di una sede sulle colline del Carso che incornicia la citt\u00e0 di Trieste. &nbsp; Studiare all&#8217;IST \u00e8 un&#8217;esperienza particolarmente stimolante. L&#8217;IST incoraggia l&#8217;apertura e le opportunit\u00e0, la collaborazione e un senso di empatia che stimolano ad esplorare interessanti [&hellip;]<\/p>\n","protected":false},"author":1,"featured_media":0,"parent":347,"menu_order":4,"comment_status":"closed","ping_status":"closed","template":"page-general.php","meta":{"_acf_changed":false,"footnotes":""},"class_list":["post-345","page","type-page","status-publish","hentry"],"acf":[],"yoast_head":"<!-- This site is optimized with the Yoast SEO plugin v27.3 - https:\/\/yoast.com\/product\/yoast-seo-wordpress\/ -->\n<title>Benvenuto della direttrice - International School of Trieste<\/title>\n<meta name=\"robots\" content=\"index, follow, max-snippet:-1, max-image-preview:large, max-video-preview:-1\" \/>\n<link rel=\"canonical\" href=\"https:\/\/www.istrieste.org\/it\/chi-siamo\/benvenuto-del-direttore\/\" \/>\n<meta property=\"og:locale\" content=\"it_IT\" \/>\n<meta property=\"og:type\" content=\"article\" \/>\n<meta property=\"og:title\" content=\"Benvenuto della direttrice - International School of Trieste\" \/>\n<meta property=\"og:description\" content=\"Benvenuti alla Scuola Internazionale di Trieste. L&#8217;IST accoglie circa 350 studenti di 35 nazionalit\u00e0 diverse e gode di una sede sulle colline del Carso che incornicia la citt\u00e0 di Trieste. &nbsp; Studiare all&#8217;IST \u00e8 un&#8217;esperienza particolarmente stimolante. L&#8217;IST incoraggia l&#8217;apertura e le opportunit\u00e0, la collaborazione e un senso di empatia che stimolano ad esplorare interessanti [&hellip;]\" \/>\n<meta property=\"og:url\" content=\"https:\/\/www.istrieste.org\/it\/chi-siamo\/benvenuto-del-direttore\/\" \/>\n<meta property=\"og:site_name\" content=\"International School of Trieste\" \/>\n<meta property=\"article:modified_time\" content=\"2026-02-12T09:28:07+00:00\" \/>\n<meta property=\"og:image\" content=\"https:\/\/www.istrieste.org\/wp-content\/uploads\/2022\/03\/Carrie-e1647248488546.jpg\" \/>\n\t<meta property=\"og:image:width\" content=\"1600\" \/>\n\t<meta property=\"og:image:height\" content=\"1066\" \/>\n\t<meta property=\"og:image:type\" content=\"image\/jpeg\" \/>\n<meta name=\"twitter:card\" content=\"summary_large_image\" \/>\n<meta name=\"twitter:label1\" content=\"Tempo di lettura stimato\" \/>\n\t<meta name=\"twitter:data1\" content=\"2 minuti\" \/>\n<script type=\"application\/ld+json\" class=\"yoast-schema-graph\">{\"@context\":\"https:\\\/\\\/schema.org\",\"@graph\":[{\"@type\":\"WebPage\",\"@id\":\"https:\\\/\\\/www.istrieste.org\\\/it\\\/chi-siamo\\\/benvenuto-del-direttore\\\/\",\"url\":\"https:\\\/\\\/www.istrieste.org\\\/it\\\/chi-siamo\\\/benvenuto-del-direttore\\\/\",\"name\":\"Benvenuto della direttrice - International School of Trieste\",\"isPartOf\":{\"@id\":\"https:\\\/\\\/www.istrieste.org\\\/it\\\/#website\"},\"primaryImageOfPage\":{\"@id\":\"https:\\\/\\\/www.istrieste.org\\\/it\\\/chi-siamo\\\/benvenuto-del-direttore\\\/#primaryimage\"},\"image\":{\"@id\":\"https:\\\/\\\/www.istrieste.org\\\/it\\\/chi-siamo\\\/benvenuto-del-direttore\\\/#primaryimage\"},\"thumbnailUrl\":\"https:\\\/\\\/www.istrieste.org\\\/wp-content\\\/uploads\\\/2022\\\/03\\\/Carrie-300x200.jpg\",\"datePublished\":\"2020-01-07T09:53:28+00:00\",\"dateModified\":\"2026-02-12T09:28:07+00:00\",\"breadcrumb\":{\"@id\":\"https:\\\/\\\/www.istrieste.org\\\/it\\\/chi-siamo\\\/benvenuto-del-direttore\\\/#breadcrumb\"},\"inLanguage\":\"it-IT\",\"potentialAction\":[{\"@type\":\"ReadAction\",\"target\":[\"https:\\\/\\\/www.istrieste.org\\\/it\\\/chi-siamo\\\/benvenuto-del-direttore\\\/\"]}]},{\"@type\":\"ImageObject\",\"inLanguage\":\"it-IT\",\"@id\":\"https:\\\/\\\/www.istrieste.org\\\/it\\\/chi-siamo\\\/benvenuto-del-direttore\\\/#primaryimage\",\"url\":\"https:\\\/\\\/www.istrieste.org\\\/wp-content\\\/uploads\\\/2022\\\/03\\\/Carrie-300x200.jpg\",\"contentUrl\":\"https:\\\/\\\/www.istrieste.org\\\/wp-content\\\/uploads\\\/2022\\\/03\\\/Carrie-300x200.jpg\"},{\"@type\":\"BreadcrumbList\",\"@id\":\"https:\\\/\\\/www.istrieste.org\\\/it\\\/chi-siamo\\\/benvenuto-del-direttore\\\/#breadcrumb\",\"itemListElement\":[{\"@type\":\"ListItem\",\"position\":1,\"name\":\"Home\",\"item\":\"https:\\\/\\\/www.istrieste.org\\\/it\\\/\"},{\"@type\":\"ListItem\",\"position\":2,\"name\":\"Chi siamo\",\"item\":\"https:\\\/\\\/www.istrieste.org\\\/it\\\/chi-siamo\\\/\"},{\"@type\":\"ListItem\",\"position\":3,\"name\":\"Benvenuto della direttrice\"}]},{\"@type\":\"WebSite\",\"@id\":\"https:\\\/\\\/www.istrieste.org\\\/it\\\/#website\",\"url\":\"https:\\\/\\\/www.istrieste.org\\\/it\\\/\",\"name\":\"International School of Trieste\",\"description\":\"\",\"potentialAction\":[{\"@type\":\"SearchAction\",\"target\":{\"@type\":\"EntryPoint\",\"urlTemplate\":\"https:\\\/\\\/www.istrieste.org\\\/it\\\/?s={search_term_string}\"},\"query-input\":{\"@type\":\"PropertyValueSpecification\",\"valueRequired\":true,\"valueName\":\"search_term_string\"}}],\"inLanguage\":\"it-IT\"}]}<\/script>\n<!-- \/ Yoast SEO plugin. -->","yoast_head_json":{"title":"Benvenuto della direttrice - International School of Trieste","robots":{"index":"index","follow":"follow","max-snippet":"max-snippet:-1","max-image-preview":"max-image-preview:large","max-video-preview":"max-video-preview:-1"},"canonical":"https:\/\/www.istrieste.org\/it\/chi-siamo\/benvenuto-del-direttore\/","og_locale":"it_IT","og_type":"article","og_title":"Benvenuto della direttrice - International School of Trieste","og_description":"Benvenuti alla Scuola Internazionale di Trieste. L&#8217;IST accoglie circa 350 studenti di 35 nazionalit\u00e0 diverse e gode di una sede sulle colline del Carso che incornicia la citt\u00e0 di Trieste. &nbsp; Studiare all&#8217;IST \u00e8 un&#8217;esperienza particolarmente stimolante. L&#8217;IST incoraggia l&#8217;apertura e le opportunit\u00e0, la collaborazione e un senso di empatia che stimolano ad esplorare interessanti [&hellip;]","og_url":"https:\/\/www.istrieste.org\/it\/chi-siamo\/benvenuto-del-direttore\/","og_site_name":"International School of Trieste","article_modified_time":"2026-02-12T09:28:07+00:00","og_image":[{"width":1600,"height":1066,"url":"https:\/\/www.istrieste.org\/wp-content\/uploads\/2022\/03\/Carrie-e1647248488546.jpg","type":"image\/jpeg"}],"twitter_card":"summary_large_image","twitter_misc":{"Tempo di lettura stimato":"2 minuti"},"schema":{"@context":"https:\/\/schema.org","@graph":[{"@type":"WebPage","@id":"https:\/\/www.istrieste.org\/it\/chi-siamo\/benvenuto-del-direttore\/","url":"https:\/\/www.istrieste.org\/it\/chi-siamo\/benvenuto-del-direttore\/","name":"Benvenuto della direttrice - International School of Trieste","isPartOf":{"@id":"https:\/\/www.istrieste.org\/it\/#website"},"primaryImageOfPage":{"@id":"https:\/\/www.istrieste.org\/it\/chi-siamo\/benvenuto-del-direttore\/#primaryimage"},"image":{"@id":"https:\/\/www.istrieste.org\/it\/chi-siamo\/benvenuto-del-direttore\/#primaryimage"},"thumbnailUrl":"https:\/\/www.istrieste.org\/wp-content\/uploads\/2022\/03\/Carrie-300x200.jpg","datePublished":"2020-01-07T09:53:28+00:00","dateModified":"2026-02-12T09:28:07+00:00","breadcrumb":{"@id":"https:\/\/www.istrieste.org\/it\/chi-siamo\/benvenuto-del-direttore\/#breadcrumb"},"inLanguage":"it-IT","potentialAction":[{"@type":"ReadAction","target":["https:\/\/www.istrieste.org\/it\/chi-siamo\/benvenuto-del-direttore\/"]}]},{"@type":"ImageObject","inLanguage":"it-IT","@id":"https:\/\/www.istrieste.org\/it\/chi-siamo\/benvenuto-del-direttore\/#primaryimage","url":"https:\/\/www.istrieste.org\/wp-content\/uploads\/2022\/03\/Carrie-300x200.jpg","contentUrl":"https:\/\/www.istrieste.org\/wp-content\/uploads\/2022\/03\/Carrie-300x200.jpg"},{"@type":"BreadcrumbList","@id":"https:\/\/www.istrieste.org\/it\/chi-siamo\/benvenuto-del-direttore\/#breadcrumb","itemListElement":[{"@type":"ListItem","position":1,"name":"Home","item":"https:\/\/www.istrieste.org\/it\/"},{"@type":"ListItem","position":2,"name":"Chi siamo","item":"https:\/\/www.istrieste.org\/it\/chi-siamo\/"},{"@type":"ListItem","position":3,"name":"Benvenuto della direttrice"}]},{"@type":"WebSite","@id":"https:\/\/www.istrieste.org\/it\/#website","url":"https:\/\/www.istrieste.org\/it\/","name":"International School of Trieste","description":"","potentialAction":[{"@type":"SearchAction","target":{"@type":"EntryPoint","urlTemplate":"https:\/\/www.istrieste.org\/it\/?s={search_term_string}"},"query-input":{"@type":"PropertyValueSpecification","valueRequired":true,"valueName":"search_term_string"}}],"inLanguage":"it-IT"}]}},"_links":{"self":[{"href":"https:\/\/www.istrieste.org\/it\/wp-json\/wp\/v2\/pages\/345","targetHints":{"allow":["GET"]}}],"collection":[{"href":"https:\/\/www.istrieste.org\/it\/wp-json\/wp\/v2\/pages"}],"about":[{"href":"https:\/\/www.istrieste.org\/it\/wp-json\/wp\/v2\/types\/page"}],"author":[{"embeddable":true,"href":"https:\/\/www.istrieste.org\/it\/wp-json\/wp\/v2\/users\/1"}],"replies":[{"embeddable":true,"href":"https:\/\/www.istrieste.org\/it\/wp-json\/wp\/v2\/comments?post=345"}],"version-history":[{"count":10,"href":"https:\/\/www.istrieste.org\/it\/wp-json\/wp\/v2\/pages\/345\/revisions"}],"predecessor-version":[{"id":3815,"href":"https:\/\/www.istrieste.org\/it\/wp-json\/wp\/v2\/pages\/345\/revisions\/3815"}],"up":[{"embeddable":true,"href":"https:\/\/www.istrieste.org\/it\/wp-json\/wp\/v2\/pages\/347"}],"wp:attachment":[{"href":"https:\/\/www.istrieste.org\/it\/wp-json\/wp\/v2\/media?parent=345"}],"curies":[{"name":"wp","href":"https:\/\/api.w.org\/{rel}","templated":true}]}}