{"id":265,"date":"2019-06-12T12:11:36","date_gmt":"2019-06-12T10:11:36","guid":{"rendered":"http:\/\/test01.noiza.com\/alumni_spotlight\/"},"modified":"2021-10-01T11:07:03","modified_gmt":"2021-10-01T09:07:03","slug":"alumni-spotlight","status":"publish","type":"page","link":"https:\/\/www.istrieste.org\/it\/alumni-spotlight\/","title":{"rendered":"Alumni Spotlight"},"content":{"rendered":"<p><span style=\"font-weight: 400;\">I primi diplomati IST hanno completato gli studi liceali nel 2011. Da allora, oltre 120 studenti hanno conseguito il diploma all\u2019IST continuando poi con successo gli studi universitari sia in Italia che all\u2019estero.<\/span><\/p>\n<p>&nbsp;<\/p>\n<p><span style=\"font-weight: 400;\">La maggior parte dei nostri studenti continua il percorso di studi post-diploma in lingua inglese e ci\u00f2 accade anche nel caso in cui decidano di rimanere in Italia. In merito alle universit\u00e0 scelte dai diplomati IST, le mete pi\u00f9 popolari sono state il Regno Unito, i Paesi Bassi, gli Stati Uniti e l\u2019Italia, sebbene in alcuni casi la scelta sia caduta su altri paesi europei o ancora pi\u00f9 lontano.<\/span><\/p>\n<p>&nbsp;<\/p>\n","protected":false},"excerpt":{"rendered":"<p>I primi diplomati IST hanno completato gli studi liceali nel 2011. Da allora, oltre 120 studenti hanno conseguito il diploma all\u2019IST continuando poi con successo gli studi universitari sia in Italia che all\u2019estero. &nbsp; La maggior parte dei nostri studenti continua il percorso di studi post-diploma in lingua inglese e ci\u00f2 accade anche nel caso [&hellip;]<\/p>\n","protected":false},"author":1,"featured_media":1685,"parent":0,"menu_order":4,"comment_status":"closed","ping_status":"closed","template":"page-alumni.php","meta":{"_acf_changed":false,"footnotes":""},"class_list":["post-265","page","type-page","status-publish","has-post-thumbnail","hentry"],"acf":[],"yoast_head":"<!-- This site is optimized with the Yoast SEO plugin v27.4 - https:\/\/yoast.com\/product\/yoast-seo-wordpress\/ -->\n<title>Alumni Spotlight - International School of Trieste<\/title>\n<meta name=\"robots\" content=\"index, follow, max-snippet:-1, max-image-preview:large, max-video-preview:-1\" \/>\n<link rel=\"canonical\" href=\"https:\/\/www.istrieste.org\/it\/alumni-spotlight\/\" \/>\n<meta property=\"og:locale\" content=\"it_IT\" \/>\n<meta property=\"og:type\" content=\"article\" \/>\n<meta property=\"og:title\" content=\"Alumni Spotlight - International School of Trieste\" \/>\n<meta property=\"og:description\" content=\"I primi diplomati IST hanno completato gli studi liceali nel 2011. Da allora, oltre 120 studenti hanno conseguito il diploma all\u2019IST continuando poi con successo gli studi universitari sia in Italia che all\u2019estero. &nbsp; La maggior parte dei nostri studenti continua il percorso di studi post-diploma in lingua inglese e ci\u00f2 accade anche nel caso [&hellip;]\" \/>\n<meta property=\"og:url\" content=\"https:\/\/www.istrieste.org\/it\/alumni-spotlight\/\" \/>\n<meta property=\"og:site_name\" content=\"International School of Trieste\" \/>\n<meta property=\"article:modified_time\" content=\"2021-10-01T09:07:03+00:00\" \/>\n<meta property=\"og:image\" content=\"https:\/\/www.istrieste.org\/wp-content\/uploads\/2021\/09\/yearbook-2021.3-1.jpeg\" \/>\n\t<meta property=\"og:image:width\" content=\"2048\" \/>\n\t<meta property=\"og:image:height\" content=\"1536\" \/>\n\t<meta property=\"og:image:type\" content=\"image\/jpeg\" \/>\n<meta name=\"twitter:card\" content=\"summary_large_image\" \/>\n<meta name=\"twitter:label1\" content=\"Tempo di lettura stimato\" \/>\n\t<meta name=\"twitter:data1\" content=\"1 minuto\" \/>\n<script type=\"application\/ld+json\" class=\"yoast-schema-graph\">{\"@context\":\"https:\\\/\\\/schema.org\",\"@graph\":[{\"@type\":\"WebPage\",\"@id\":\"https:\\\/\\\/www.istrieste.org\\\/it\\\/alumni-spotlight\\\/\",\"url\":\"https:\\\/\\\/www.istrieste.org\\\/it\\\/alumni-spotlight\\\/\",\"name\":\"Alumni Spotlight - International School of Trieste\",\"isPartOf\":{\"@id\":\"https:\\\/\\\/www.istrieste.org\\\/it\\\/#website\"},\"primaryImageOfPage\":{\"@id\":\"https:\\\/\\\/www.istrieste.org\\\/it\\\/alumni-spotlight\\\/#primaryimage\"},\"image\":{\"@id\":\"https:\\\/\\\/www.istrieste.org\\\/it\\\/alumni-spotlight\\\/#primaryimage\"},\"thumbnailUrl\":\"https:\\\/\\\/www.istrieste.org\\\/wp-content\\\/uploads\\\/2021\\\/09\\\/yearbook-2021.3-1.jpeg\",\"datePublished\":\"2019-06-12T10:11:36+00:00\",\"dateModified\":\"2021-10-01T09:07:03+00:00\",\"breadcrumb\":{\"@id\":\"https:\\\/\\\/www.istrieste.org\\\/it\\\/alumni-spotlight\\\/#breadcrumb\"},\"inLanguage\":\"it-IT\",\"potentialAction\":[{\"@type\":\"ReadAction\",\"target\":[\"https:\\\/\\\/www.istrieste.org\\\/it\\\/alumni-spotlight\\\/\"]}]},{\"@type\":\"ImageObject\",\"inLanguage\":\"it-IT\",\"@id\":\"https:\\\/\\\/www.istrieste.org\\\/it\\\/alumni-spotlight\\\/#primaryimage\",\"url\":\"https:\\\/\\\/www.istrieste.org\\\/wp-content\\\/uploads\\\/2021\\\/09\\\/yearbook-2021.3-1.jpeg\",\"contentUrl\":\"https:\\\/\\\/www.istrieste.org\\\/wp-content\\\/uploads\\\/2021\\\/09\\\/yearbook-2021.3-1.jpeg\",\"width\":2048,\"height\":1536},{\"@type\":\"BreadcrumbList\",\"@id\":\"https:\\\/\\\/www.istrieste.org\\\/it\\\/alumni-spotlight\\\/#breadcrumb\",\"itemListElement\":[{\"@type\":\"ListItem\",\"position\":1,\"name\":\"Home\",\"item\":\"https:\\\/\\\/www.istrieste.org\\\/it\\\/\"},{\"@type\":\"ListItem\",\"position\":2,\"name\":\"Alumni Spotlight\"}]},{\"@type\":\"WebSite\",\"@id\":\"https:\\\/\\\/www.istrieste.org\\\/it\\\/#website\",\"url\":\"https:\\\/\\\/www.istrieste.org\\\/it\\\/\",\"name\":\"International School of Trieste\",\"description\":\"\",\"potentialAction\":[{\"@type\":\"SearchAction\",\"target\":{\"@type\":\"EntryPoint\",\"urlTemplate\":\"https:\\\/\\\/www.istrieste.org\\\/it\\\/?s={search_term_string}\"},\"query-input\":{\"@type\":\"PropertyValueSpecification\",\"valueRequired\":true,\"valueName\":\"search_term_string\"}}],\"inLanguage\":\"it-IT\"}]}<\/script>\n<!-- \/ Yoast SEO plugin. -->","yoast_head_json":{"title":"Alumni Spotlight - International School of Trieste","robots":{"index":"index","follow":"follow","max-snippet":"max-snippet:-1","max-image-preview":"max-image-preview:large","max-video-preview":"max-video-preview:-1"},"canonical":"https:\/\/www.istrieste.org\/it\/alumni-spotlight\/","og_locale":"it_IT","og_type":"article","og_title":"Alumni Spotlight - International School of Trieste","og_description":"I primi diplomati IST hanno completato gli studi liceali nel 2011. Da allora, oltre 120 studenti hanno conseguito il diploma all\u2019IST continuando poi con successo gli studi universitari sia in Italia che all\u2019estero. &nbsp; La maggior parte dei nostri studenti continua il percorso di studi post-diploma in lingua inglese e ci\u00f2 accade anche nel caso [&hellip;]","og_url":"https:\/\/www.istrieste.org\/it\/alumni-spotlight\/","og_site_name":"International School of Trieste","article_modified_time":"2021-10-01T09:07:03+00:00","og_image":[{"width":2048,"height":1536,"url":"https:\/\/www.istrieste.org\/wp-content\/uploads\/2021\/09\/yearbook-2021.3-1.jpeg","type":"image\/jpeg"}],"twitter_card":"summary_large_image","twitter_misc":{"Tempo di lettura stimato":"1 minuto"},"schema":{"@context":"https:\/\/schema.org","@graph":[{"@type":"WebPage","@id":"https:\/\/www.istrieste.org\/it\/alumni-spotlight\/","url":"https:\/\/www.istrieste.org\/it\/alumni-spotlight\/","name":"Alumni Spotlight - International School of Trieste","isPartOf":{"@id":"https:\/\/www.istrieste.org\/it\/#website"},"primaryImageOfPage":{"@id":"https:\/\/www.istrieste.org\/it\/alumni-spotlight\/#primaryimage"},"image":{"@id":"https:\/\/www.istrieste.org\/it\/alumni-spotlight\/#primaryimage"},"thumbnailUrl":"https:\/\/www.istrieste.org\/wp-content\/uploads\/2021\/09\/yearbook-2021.3-1.jpeg","datePublished":"2019-06-12T10:11:36+00:00","dateModified":"2021-10-01T09:07:03+00:00","breadcrumb":{"@id":"https:\/\/www.istrieste.org\/it\/alumni-spotlight\/#breadcrumb"},"inLanguage":"it-IT","potentialAction":[{"@type":"ReadAction","target":["https:\/\/www.istrieste.org\/it\/alumni-spotlight\/"]}]},{"@type":"ImageObject","inLanguage":"it-IT","@id":"https:\/\/www.istrieste.org\/it\/alumni-spotlight\/#primaryimage","url":"https:\/\/www.istrieste.org\/wp-content\/uploads\/2021\/09\/yearbook-2021.3-1.jpeg","contentUrl":"https:\/\/www.istrieste.org\/wp-content\/uploads\/2021\/09\/yearbook-2021.3-1.jpeg","width":2048,"height":1536},{"@type":"BreadcrumbList","@id":"https:\/\/www.istrieste.org\/it\/alumni-spotlight\/#breadcrumb","itemListElement":[{"@type":"ListItem","position":1,"name":"Home","item":"https:\/\/www.istrieste.org\/it\/"},{"@type":"ListItem","position":2,"name":"Alumni Spotlight"}]},{"@type":"WebSite","@id":"https:\/\/www.istrieste.org\/it\/#website","url":"https:\/\/www.istrieste.org\/it\/","name":"International School of Trieste","description":"","potentialAction":[{"@type":"SearchAction","target":{"@type":"EntryPoint","urlTemplate":"https:\/\/www.istrieste.org\/it\/?s={search_term_string}"},"query-input":{"@type":"PropertyValueSpecification","valueRequired":true,"valueName":"search_term_string"}}],"inLanguage":"it-IT"}]}},"_links":{"self":[{"href":"https:\/\/www.istrieste.org\/it\/wp-json\/wp\/v2\/pages\/265","targetHints":{"allow":["GET"]}}],"collection":[{"href":"https:\/\/www.istrieste.org\/it\/wp-json\/wp\/v2\/pages"}],"about":[{"href":"https:\/\/www.istrieste.org\/it\/wp-json\/wp\/v2\/types\/page"}],"author":[{"embeddable":true,"href":"https:\/\/www.istrieste.org\/it\/wp-json\/wp\/v2\/users\/1"}],"replies":[{"embeddable":true,"href":"https:\/\/www.istrieste.org\/it\/wp-json\/wp\/v2\/comments?post=265"}],"version-history":[{"count":1,"href":"https:\/\/www.istrieste.org\/it\/wp-json\/wp\/v2\/pages\/265\/revisions"}],"predecessor-version":[{"id":1689,"href":"https:\/\/www.istrieste.org\/it\/wp-json\/wp\/v2\/pages\/265\/revisions\/1689"}],"wp:featuredmedia":[{"embeddable":true,"href":"https:\/\/www.istrieste.org\/it\/wp-json\/wp\/v2\/media\/1685"}],"wp:attachment":[{"href":"https:\/\/www.istrieste.org\/it\/wp-json\/wp\/v2\/media?parent=265"}],"curies":[{"name":"wp","href":"https:\/\/api.w.org\/{rel}","templated":true}]}}