{"id":264,"date":"2019-10-14T16:19:48","date_gmt":"2019-10-14T14:19:48","guid":{"rendered":"http:\/\/test01.noiza.com\/?page_id=264"},"modified":"2024-12-12T09:26:23","modified_gmt":"2024-12-12T08:26:23","slug":"studia-con-noi","status":"publish","type":"page","link":"https:\/\/www.istrieste.org\/it\/studia-con-noi\/","title":{"rendered":"Studia con noi"},"content":{"rendered":"<p>L&#8217;IST \u00e8 l&#8217;unica scuola internazionale in Italia a rilasciare titoli di studio riconosciuti a tutti gli effetti da un&#8217;apposita Legge dello Stato (art. 10, comma 3, della Legge 29 gennaio 1986, n. 26). Dall&#8217;inaugurazione del liceo, nel 2006,\u00a0 i nostri studenti hanno avuto la possibilit\u00e0 di studiare sia in Italia che all&#8217;estero. Ulteriori informazioni sul programma del liceo si possono trovare sul profilo ad esso dedicato.<\/p>\n<p>Oltre alle valutazioni interne fatte attraverso gli esami finali, offriamo ai nostri studenti del liceo l&#8217;opportunit\u00e0 di prepararsi per gli esami AP (Advanced Placement). Siamo inoltre un centro di esami SAT.\u00a0 I nostri studenti sostengono i test ACER dalla III elementare alla II liceo e i nostri studenti di III liceo affrontano il PSAT\/NMQST.<\/p>\n<p>Un requisito per i nostri diplomandi \u00e8 quello di completare una tesi di ricerca su un argomento scelto da loro. I nostri studenti hanno riscontrato che questa esperienza ha un valore incalcolabile per il loro successo all&#8217;universit\u00e0.<\/p>\n<p>La Scuola \u00e8 formalmente accreditata dalla Middle States Association of Schools and Colleges (M.S.A.), \u00e8 membro dello European Council of International Schools (E.C.I.S.), del Council of International School (C.I.S.) nonch\u00e9 dell&#8217;Association for the Advancement of International Education (A.I.E.E.).<\/p>\n<p>Per informazioni sulla scuola o per iniziare la procedura di iscrizione, <a href=\"https:\/\/forms.rediker.com\/internationalschooloftriesteitaly\">fare clic qui<\/a>.<\/p>\n","protected":false},"excerpt":{"rendered":"<p>L&#8217;IST \u00e8 l&#8217;unica scuola internazionale in Italia a rilasciare titoli di studio riconosciuti a tutti gli effetti da un&#8217;apposita Legge dello Stato (art. 10, comma 3, della Legge 29 gennaio 1986, n. 26). Dall&#8217;inaugurazione del liceo, nel 2006,\u00a0 i nostri studenti hanno avuto la possibilit\u00e0 di studiare sia in Italia che all&#8217;estero. Ulteriori informazioni sul [&hellip;]<\/p>\n","protected":false},"author":1,"featured_media":0,"parent":0,"menu_order":4,"comment_status":"closed","ping_status":"closed","template":"page-studywithus.php","meta":{"_acf_changed":false,"footnotes":""},"class_list":["post-264","page","type-page","status-publish","hentry"],"acf":[],"yoast_head":"<!-- This site is optimized with the Yoast SEO plugin v27.4 - https:\/\/yoast.com\/product\/yoast-seo-wordpress\/ -->\n<title>Studia con noi - International School of Trieste<\/title>\n<meta name=\"robots\" content=\"index, follow, max-snippet:-1, max-image-preview:large, max-video-preview:-1\" \/>\n<link rel=\"canonical\" href=\"https:\/\/www.istrieste.org\/it\/studia-con-noi\/\" \/>\n<meta property=\"og:locale\" content=\"it_IT\" \/>\n<meta property=\"og:type\" content=\"article\" \/>\n<meta property=\"og:title\" content=\"Studia con noi - International School of Trieste\" \/>\n<meta property=\"og:description\" content=\"L&#8217;IST \u00e8 l&#8217;unica scuola internazionale in Italia a rilasciare titoli di studio riconosciuti a tutti gli effetti da un&#8217;apposita Legge dello Stato (art. 10, comma 3, della Legge 29 gennaio 1986, n. 26). Dall&#8217;inaugurazione del liceo, nel 2006,\u00a0 i nostri studenti hanno avuto la possibilit\u00e0 di studiare sia in Italia che all&#8217;estero. Ulteriori informazioni sul [&hellip;]\" \/>\n<meta property=\"og:url\" content=\"https:\/\/www.istrieste.org\/it\/studia-con-noi\/\" \/>\n<meta property=\"og:site_name\" content=\"International School of Trieste\" \/>\n<meta property=\"article:modified_time\" content=\"2024-12-12T08:26:23+00:00\" \/>\n<meta name=\"twitter:card\" content=\"summary_large_image\" \/>\n<meta name=\"twitter:label1\" content=\"Tempo di lettura stimato\" \/>\n\t<meta name=\"twitter:data1\" content=\"1 minuto\" \/>\n<script type=\"application\/ld+json\" class=\"yoast-schema-graph\">{\"@context\":\"https:\\\/\\\/schema.org\",\"@graph\":[{\"@type\":\"WebPage\",\"@id\":\"https:\\\/\\\/www.istrieste.org\\\/it\\\/studia-con-noi\\\/\",\"url\":\"https:\\\/\\\/www.istrieste.org\\\/it\\\/studia-con-noi\\\/\",\"name\":\"Studia con noi - International School of Trieste\",\"isPartOf\":{\"@id\":\"https:\\\/\\\/www.istrieste.org\\\/it\\\/#website\"},\"datePublished\":\"2019-10-14T14:19:48+00:00\",\"dateModified\":\"2024-12-12T08:26:23+00:00\",\"breadcrumb\":{\"@id\":\"https:\\\/\\\/www.istrieste.org\\\/it\\\/studia-con-noi\\\/#breadcrumb\"},\"inLanguage\":\"it-IT\",\"potentialAction\":[{\"@type\":\"ReadAction\",\"target\":[\"https:\\\/\\\/www.istrieste.org\\\/it\\\/studia-con-noi\\\/\"]}]},{\"@type\":\"BreadcrumbList\",\"@id\":\"https:\\\/\\\/www.istrieste.org\\\/it\\\/studia-con-noi\\\/#breadcrumb\",\"itemListElement\":[{\"@type\":\"ListItem\",\"position\":1,\"name\":\"Home\",\"item\":\"https:\\\/\\\/www.istrieste.org\\\/it\\\/\"},{\"@type\":\"ListItem\",\"position\":2,\"name\":\"Studia con noi\"}]},{\"@type\":\"WebSite\",\"@id\":\"https:\\\/\\\/www.istrieste.org\\\/it\\\/#website\",\"url\":\"https:\\\/\\\/www.istrieste.org\\\/it\\\/\",\"name\":\"International School of Trieste\",\"description\":\"\",\"potentialAction\":[{\"@type\":\"SearchAction\",\"target\":{\"@type\":\"EntryPoint\",\"urlTemplate\":\"https:\\\/\\\/www.istrieste.org\\\/it\\\/?s={search_term_string}\"},\"query-input\":{\"@type\":\"PropertyValueSpecification\",\"valueRequired\":true,\"valueName\":\"search_term_string\"}}],\"inLanguage\":\"it-IT\"}]}<\/script>\n<!-- \/ Yoast SEO plugin. -->","yoast_head_json":{"title":"Studia con noi - International School of Trieste","robots":{"index":"index","follow":"follow","max-snippet":"max-snippet:-1","max-image-preview":"max-image-preview:large","max-video-preview":"max-video-preview:-1"},"canonical":"https:\/\/www.istrieste.org\/it\/studia-con-noi\/","og_locale":"it_IT","og_type":"article","og_title":"Studia con noi - International School of Trieste","og_description":"L&#8217;IST \u00e8 l&#8217;unica scuola internazionale in Italia a rilasciare titoli di studio riconosciuti a tutti gli effetti da un&#8217;apposita Legge dello Stato (art. 10, comma 3, della Legge 29 gennaio 1986, n. 26). Dall&#8217;inaugurazione del liceo, nel 2006,\u00a0 i nostri studenti hanno avuto la possibilit\u00e0 di studiare sia in Italia che all&#8217;estero. Ulteriori informazioni sul [&hellip;]","og_url":"https:\/\/www.istrieste.org\/it\/studia-con-noi\/","og_site_name":"International School of Trieste","article_modified_time":"2024-12-12T08:26:23+00:00","twitter_card":"summary_large_image","twitter_misc":{"Tempo di lettura stimato":"1 minuto"},"schema":{"@context":"https:\/\/schema.org","@graph":[{"@type":"WebPage","@id":"https:\/\/www.istrieste.org\/it\/studia-con-noi\/","url":"https:\/\/www.istrieste.org\/it\/studia-con-noi\/","name":"Studia con noi - International School of Trieste","isPartOf":{"@id":"https:\/\/www.istrieste.org\/it\/#website"},"datePublished":"2019-10-14T14:19:48+00:00","dateModified":"2024-12-12T08:26:23+00:00","breadcrumb":{"@id":"https:\/\/www.istrieste.org\/it\/studia-con-noi\/#breadcrumb"},"inLanguage":"it-IT","potentialAction":[{"@type":"ReadAction","target":["https:\/\/www.istrieste.org\/it\/studia-con-noi\/"]}]},{"@type":"BreadcrumbList","@id":"https:\/\/www.istrieste.org\/it\/studia-con-noi\/#breadcrumb","itemListElement":[{"@type":"ListItem","position":1,"name":"Home","item":"https:\/\/www.istrieste.org\/it\/"},{"@type":"ListItem","position":2,"name":"Studia con noi"}]},{"@type":"WebSite","@id":"https:\/\/www.istrieste.org\/it\/#website","url":"https:\/\/www.istrieste.org\/it\/","name":"International School of Trieste","description":"","potentialAction":[{"@type":"SearchAction","target":{"@type":"EntryPoint","urlTemplate":"https:\/\/www.istrieste.org\/it\/?s={search_term_string}"},"query-input":{"@type":"PropertyValueSpecification","valueRequired":true,"valueName":"search_term_string"}}],"inLanguage":"it-IT"}]}},"_links":{"self":[{"href":"https:\/\/www.istrieste.org\/it\/wp-json\/wp\/v2\/pages\/264","targetHints":{"allow":["GET"]}}],"collection":[{"href":"https:\/\/www.istrieste.org\/it\/wp-json\/wp\/v2\/pages"}],"about":[{"href":"https:\/\/www.istrieste.org\/it\/wp-json\/wp\/v2\/types\/page"}],"author":[{"embeddable":true,"href":"https:\/\/www.istrieste.org\/it\/wp-json\/wp\/v2\/users\/1"}],"replies":[{"embeddable":true,"href":"https:\/\/www.istrieste.org\/it\/wp-json\/wp\/v2\/comments?post=264"}],"version-history":[{"count":4,"href":"https:\/\/www.istrieste.org\/it\/wp-json\/wp\/v2\/pages\/264\/revisions"}],"predecessor-version":[{"id":3111,"href":"https:\/\/www.istrieste.org\/it\/wp-json\/wp\/v2\/pages\/264\/revisions\/3111"}],"wp:attachment":[{"href":"https:\/\/www.istrieste.org\/it\/wp-json\/wp\/v2\/media?parent=264"}],"curies":[{"name":"wp","href":"https:\/\/api.w.org\/{rel}","templated":true}]}}