{"id":258,"date":"2019-10-14T16:19:41","date_gmt":"2019-10-14T14:19:41","guid":{"rendered":"http:\/\/test01.noiza.com\/?page_id=258"},"modified":"2024-09-10T15:47:43","modified_gmt":"2024-09-10T13:47:43","slug":"privacy-policy","status":"publish","type":"page","link":"https:\/\/www.istrieste.org\/it\/privacy-policy\/","title":{"rendered":"Privacy Policy"},"content":{"rendered":"<p><strong>Informativa per il trattamento dei dati personali di alunni e esercenti responsabilit\u00e0 genitoriale<\/strong><br \/>\nAi sensi dell\u2019art. 13 Regolamento UE n. 2016\/679 (in seguito, \u201cGDPR\u201d) la informiamo che i Suoi dati e quelli dei minori su cui esercita la patria potest\u00e0 saranno trattati con le modalit\u00e0 e per le finalit\u00e0 seguenti:<\/p>\n<p><strong>1. Oggetto del Trattamento<\/strong><br \/>\nIl Titolare tratta i seguenti dati:<br \/>\ndati personali da Lei comunicati in occasione della conclusione di contratti per i servizi del Titolare, quali: dati anagrafici e di contatto dell\u2019alunno e degli esercenti la patria potest\u00e0 (nome e cognome, indirizzo, contatti telefonici, codice fiscale, indirizzo email, ecc.);<br \/>\ndati economici e giudiziari degli esercenti la patria potest\u00e0 e\/o eventuali soggetti finanziatori della retta scolastica;<br \/>\ndati degli alunni relativi alla valutazione, al rendimento e al comportamento in ambito scolastico;<br \/>\ndati particolari relativi all\u2019origine razziale ed etnica, convinzioni religiose e\/o filosofiche (particolari orari o assunzione\/non assunzione di particolari cibi o bevande, compatibilmente con le necessit\u00e0 organizzative della scuola), le opinioni politiche, l\u2019adesione a partiti, sindacati e\/o associazioni\/organizzazioni di carattere religioso, filosofico e politico, dati sanitari e giudiziari; i dati sanitari riguardano lo stato di salute degli alunni anche con riferimento a regimi o allergie alimentari o di altro genere, vaccinazioni, applicazione di misure sanitarie e di profilassi, certificazioni di idoneit\u00e0 sportiva;<br \/>\ndati relativi alla soddisfazione del cliente e feedback;<br \/>\ndati raccolti mentre Lei visita il nostro sito web &#8211; quali i dati raccolti per mezzo dell\u2019uso di cookies e altri dati automaticamente raccolti per renderle accessibili i nostri siti, o informazioni che Lei fornisce mentre visita i nostri siti web (ad esempio per mezzo di moduli di contatto, etc.).<\/p>\n<p><strong>2. Finalit\u00e0 del trattamento e base giuridica del trattamento<\/strong><br \/>\nAi sensi dell&#8217;art. 13 del Reg. UE 2016\/679, La informiamo che le finalit\u00e0 del trattamento sono:<br \/>\na. erogare i servizi richiesti dall\u2019interessato e\/o disponibili sul sito gestito dalla scrivente che si occupa di servizi didattici e connessi; la base giuridica \u00e8 l\u2019esecuzione di un contratto di cui l\u2019interessato \u00e8 parte o all\u2019esecuzione di misure precontrattuali adottate su richiesta dello stesso e\/o il consenso espresso;<br \/>\nb. assolvere ad obblighi contrattuali, di legge, di regolamenti o della normativa comunitaria e adempiere agli obblighi contabili e fiscali e amministrativi; la base giuridica \u00e8 adempiere un obbligo legale al quale \u00e8 soggetto il titolare.<\/p>\n<p><strong>3. Modalit\u00e0 e durata del trattamento<\/strong><br \/>\nAi sensi dell&#8217;art. 5 del Reg. UE 2016\/679, La informiamo che i Suoi dati saranno:<br \/>\ntrattati secondo i principi di liceit\u00e0, correttezza e trasparenza;<br \/>\ncon adeguata sicurezza in modo da tutelare la Sua integrit\u00e0 e riservatezza;<br \/>\nraccolti nei modi necessari per perseguire le predette finalit\u00e0, e trattati in modo che non siano incompatibili con tali finalit\u00e0;<br \/>\nconservati su moduli cartacei e\/o supporti informatici o comunque elettronici, protetti e custoditi in conformit\u00e0 alla normativa vigente;<br \/>\nconservati per il periodo di durata del contratto e successivamente per il tempo prescritto dalle norme civilistiche e fiscali e\/o per un arco di tempo non superiore al conseguimento delle finalit\u00e0 per le quali sono trattati.<\/p>\n<p><strong>4. Natura del conferimento e conseguenze del rifiuto di rispondere<\/strong><br \/>\nIl conferimento dei dati richiesti per le finalit\u00e0 di cui al punto 2. lettera a), b) \u00e8 necessario per il corretto svolgimento dell\u2019attivit\u00e0 propria e per l\u2019efficace gestione ed erogazione dei servizi ad essa connessi e il mancato conferimento non consentir\u00e0 alla scrivente di svolgere quanto richiesto.<br \/>\nAi sensi dell\u2019Art.6 comma 1 lett. b) del Reg. UE 2016\/679, si fa presente che il consenso al trattamento dei dati si considera direttamente acquisito laddove indispensabile al fine di consentire all\u2019IST lo svolgimento del servizio educativo (a titolo di esempio servizi come google classroom).<\/p>\n<p><strong>5. Accesso ai dati e comunicazione dei dati<\/strong><br \/>\nI dati potranno:<br \/>\nessere noti a dipendenti e collaboratori del Titolare, nella loro qualit\u00e0 di incaricati e\/o amministratori di sistema;<br \/>\nessere comunicati a enti e amministrazioni pubbliche (a titolo indicativo: Enti Sanitari, della Pubblica Istruzione e di altra natura autorizzati per legge, Amministrazione finanziaria, Forze dell\u2019ordine e Autorit\u00e0 Giudiziarie, Enti assistenziali, Centri per l\u2019Impiego, ecc.);<br \/>\nessere comunicati a societ\u00e0 terze o altri soggetti (a titolo indicativo: istituti di credito e assicurativi, studi professionali, consulenti, etc.) che svolgono attivit\u00e0 in outsourcing per conto del Titolare;<br \/>\nessere trattati, anche al di fuori dell\u2019Unione Europea, nell\u2019ambito dei \u201cservizi principali\u201d( servizi di didattica e valutazione a distanza, videoconferenza, posta elettronica, archivio fotografico e documentale, elaborazione testi, diapositive, fogli elettronici, calendario condiviso, ecc.) e \u201cservizi aggiuntivi\u201d (quali ad esempio Traduttore, YouTube, ecc.) della piattaforma Google Workspace for Education, nonch\u00e8 nell\u2019ambito dei servizi educativi di terze parti acquisiti tramite tutte le ulteriori Applicazioni utilizzate dalla scuola a scopi didattici, la cui lista aggiornata \u00e8 disponibile sul sito dell\u2019IST e periodicamente notificata agli interessati;<br \/>\nessere trattati, anche al di fuori dell\u2019Unione Europea, nell\u2019ambito dei servizi offerti dalla ditta Rediker Software, Inc. (a titolo di esempio PlusPortals) e IXL Learning (a titolo di esempio IXL math);<br \/>\ngli esiti scolastici degli alunni potranno essere comunicati ad enti o istituzioni di comprovata seriet\u00e0 e professionalit\u00e0 con finalit\u00e0 di agevolarne l\u2019orientamento, la formazione e l\u2019inserimento professionale.<\/p>\n<p>I genitori potranno essere ripresi fotograficamente o in video durante le feste e le recite scolastiche (es: Family Day e altri eventi) dal personale IST e\/o da soggftitetti autorizzati dalla scrivente per servizi video fotografici (ad es. Annuario della scuola o eventi). Tali immagini e video potrebbero essere condivisi con gli allievi, i loro familiari e personale della scuola. Riprese foto e\/o video effettuate dai familiari degli alunni sono consentite purch\u00e9 non siano condivise con soggetti esterni alla Comunit\u00e0 IST.<\/p>\n<p><strong>6. Trasferimento<\/strong><br \/>\nI dati personali sono attualmente conservati su server ubicati sia all\u2019interno che al di fuori dell\u2019Unione Europea. Resta in ogni caso inteso che il Titolare, ove si rendesse necessario, avr\u00e0 facolt\u00e0 di spostare i dati su server UE o extra-UE. In tal caso, il Titolare assicura sin d\u2019ora che il trasferimento dei dati extra-UE avverr\u00e0 in conformit\u00e0 alle disposizioni di legge applicabili.<br \/>\n7. Diritti dell&#8217;interessato<br \/>\nL\u2019interessato ha il diritto di ottenere dal titolare la conferma che sia o meno in corso un trattamento di dati personali che lo riguardano e, in tal caso, ha diritto di ottenere l\u2019accesso ai dati, la rettifica, la cancellazione degli stessi o la limitazione del trattamento, ha diritto di opporsi al trattamento in qualsiasi momento ed anche nel caso del trattamento per finalit\u00e0 di marketing diretto e al processo decisionale automatizzato; inoltre ha diritto alla portabilit\u00e0 ove tecnicamente possibile, alla revoca del consenso in qualsiasi momento, senza pregiudicare la liceit\u00e0 del trattamento basata sul consenso prima della revoca, e di proporre reclamo a un\u2019autorit\u00e0 di controllo. L\u2019interessato, potr\u00e0 esercitare i diritti inviando richiesta a INTERNATIONAL SCHOOL OF TRIESTE, Via Conconello 16, 34151 \u2013 Opicina (Trieste), o per mail: info@istrieste.org<\/p>\n<p><strong>8. Titolare del trattamento<\/strong><br \/>\nIl Titolare del trattamento \u00e8 INTERNATIONAL SCHOOL OF TRIESTE, Via Conconello 16, 34151 \u2013 Opicina (Trieste), telefono: 040.211452, email: info@istrieste.org.<\/p>\n","protected":false},"excerpt":{"rendered":"<p>Informativa per il trattamento dei dati personali di alunni e esercenti responsabilit\u00e0 genitoriale Ai sensi dell\u2019art. 13 Regolamento UE n. 2016\/679 (in seguito, \u201cGDPR\u201d) la informiamo che i Suoi dati e quelli dei minori su cui esercita la patria potest\u00e0 saranno trattati con le modalit\u00e0 e per le finalit\u00e0 seguenti: 1. Oggetto del Trattamento Il [&hellip;]<\/p>\n","protected":false},"author":1,"featured_media":0,"parent":0,"menu_order":4,"comment_status":"closed","ping_status":"closed","template":"","meta":{"_acf_changed":false,"footnotes":""},"class_list":["post-258","page","type-page","status-publish","hentry"],"acf":[],"yoast_head":"<!-- This site is optimized with the Yoast SEO plugin v27.3 - https:\/\/yoast.com\/product\/yoast-seo-wordpress\/ -->\n<title>Privacy Policy - International School of Trieste<\/title>\n<meta name=\"robots\" content=\"index, follow, max-snippet:-1, max-image-preview:large, max-video-preview:-1\" \/>\n<link rel=\"canonical\" href=\"https:\/\/www.istrieste.org\/it\/privacy-policy\/\" \/>\n<meta property=\"og:locale\" content=\"it_IT\" \/>\n<meta property=\"og:type\" content=\"article\" \/>\n<meta property=\"og:title\" content=\"Privacy Policy - International School of Trieste\" \/>\n<meta property=\"og:description\" content=\"Informativa per il trattamento dei dati personali di alunni e esercenti responsabilit\u00e0 genitoriale Ai sensi dell\u2019art. 13 Regolamento UE n. 2016\/679 (in seguito, \u201cGDPR\u201d) la informiamo che i Suoi dati e quelli dei minori su cui esercita la patria potest\u00e0 saranno trattati con le modalit\u00e0 e per le finalit\u00e0 seguenti: 1. Oggetto del Trattamento Il [&hellip;]\" \/>\n<meta property=\"og:url\" content=\"https:\/\/www.istrieste.org\/it\/privacy-policy\/\" \/>\n<meta property=\"og:site_name\" content=\"International School of Trieste\" \/>\n<meta property=\"article:modified_time\" content=\"2024-09-10T13:47:43+00:00\" \/>\n<meta name=\"twitter:card\" content=\"summary_large_image\" \/>\n<meta name=\"twitter:label1\" content=\"Tempo di lettura stimato\" \/>\n\t<meta name=\"twitter:data1\" content=\"5 minuti\" \/>\n<script type=\"application\/ld+json\" class=\"yoast-schema-graph\">{\"@context\":\"https:\\\/\\\/schema.org\",\"@graph\":[{\"@type\":\"WebPage\",\"@id\":\"https:\\\/\\\/www.istrieste.org\\\/it\\\/privacy-policy\\\/\",\"url\":\"https:\\\/\\\/www.istrieste.org\\\/it\\\/privacy-policy\\\/\",\"name\":\"Privacy Policy - International School of Trieste\",\"isPartOf\":{\"@id\":\"https:\\\/\\\/www.istrieste.org\\\/it\\\/#website\"},\"datePublished\":\"2019-10-14T14:19:41+00:00\",\"dateModified\":\"2024-09-10T13:47:43+00:00\",\"breadcrumb\":{\"@id\":\"https:\\\/\\\/www.istrieste.org\\\/it\\\/privacy-policy\\\/#breadcrumb\"},\"inLanguage\":\"it-IT\",\"potentialAction\":[{\"@type\":\"ReadAction\",\"target\":[\"https:\\\/\\\/www.istrieste.org\\\/it\\\/privacy-policy\\\/\"]}]},{\"@type\":\"BreadcrumbList\",\"@id\":\"https:\\\/\\\/www.istrieste.org\\\/it\\\/privacy-policy\\\/#breadcrumb\",\"itemListElement\":[{\"@type\":\"ListItem\",\"position\":1,\"name\":\"Home\",\"item\":\"https:\\\/\\\/www.istrieste.org\\\/it\\\/\"},{\"@type\":\"ListItem\",\"position\":2,\"name\":\"Privacy Policy\"}]},{\"@type\":\"WebSite\",\"@id\":\"https:\\\/\\\/www.istrieste.org\\\/it\\\/#website\",\"url\":\"https:\\\/\\\/www.istrieste.org\\\/it\\\/\",\"name\":\"International School of Trieste\",\"description\":\"\",\"potentialAction\":[{\"@type\":\"SearchAction\",\"target\":{\"@type\":\"EntryPoint\",\"urlTemplate\":\"https:\\\/\\\/www.istrieste.org\\\/it\\\/?s={search_term_string}\"},\"query-input\":{\"@type\":\"PropertyValueSpecification\",\"valueRequired\":true,\"valueName\":\"search_term_string\"}}],\"inLanguage\":\"it-IT\"}]}<\/script>\n<!-- \/ Yoast SEO plugin. -->","yoast_head_json":{"title":"Privacy Policy - International School of Trieste","robots":{"index":"index","follow":"follow","max-snippet":"max-snippet:-1","max-image-preview":"max-image-preview:large","max-video-preview":"max-video-preview:-1"},"canonical":"https:\/\/www.istrieste.org\/it\/privacy-policy\/","og_locale":"it_IT","og_type":"article","og_title":"Privacy Policy - International School of Trieste","og_description":"Informativa per il trattamento dei dati personali di alunni e esercenti responsabilit\u00e0 genitoriale Ai sensi dell\u2019art. 13 Regolamento UE n. 2016\/679 (in seguito, \u201cGDPR\u201d) la informiamo che i Suoi dati e quelli dei minori su cui esercita la patria potest\u00e0 saranno trattati con le modalit\u00e0 e per le finalit\u00e0 seguenti: 1. Oggetto del Trattamento Il [&hellip;]","og_url":"https:\/\/www.istrieste.org\/it\/privacy-policy\/","og_site_name":"International School of Trieste","article_modified_time":"2024-09-10T13:47:43+00:00","twitter_card":"summary_large_image","twitter_misc":{"Tempo di lettura stimato":"5 minuti"},"schema":{"@context":"https:\/\/schema.org","@graph":[{"@type":"WebPage","@id":"https:\/\/www.istrieste.org\/it\/privacy-policy\/","url":"https:\/\/www.istrieste.org\/it\/privacy-policy\/","name":"Privacy Policy - International School of Trieste","isPartOf":{"@id":"https:\/\/www.istrieste.org\/it\/#website"},"datePublished":"2019-10-14T14:19:41+00:00","dateModified":"2024-09-10T13:47:43+00:00","breadcrumb":{"@id":"https:\/\/www.istrieste.org\/it\/privacy-policy\/#breadcrumb"},"inLanguage":"it-IT","potentialAction":[{"@type":"ReadAction","target":["https:\/\/www.istrieste.org\/it\/privacy-policy\/"]}]},{"@type":"BreadcrumbList","@id":"https:\/\/www.istrieste.org\/it\/privacy-policy\/#breadcrumb","itemListElement":[{"@type":"ListItem","position":1,"name":"Home","item":"https:\/\/www.istrieste.org\/it\/"},{"@type":"ListItem","position":2,"name":"Privacy Policy"}]},{"@type":"WebSite","@id":"https:\/\/www.istrieste.org\/it\/#website","url":"https:\/\/www.istrieste.org\/it\/","name":"International School of Trieste","description":"","potentialAction":[{"@type":"SearchAction","target":{"@type":"EntryPoint","urlTemplate":"https:\/\/www.istrieste.org\/it\/?s={search_term_string}"},"query-input":{"@type":"PropertyValueSpecification","valueRequired":true,"valueName":"search_term_string"}}],"inLanguage":"it-IT"}]}},"_links":{"self":[{"href":"https:\/\/www.istrieste.org\/it\/wp-json\/wp\/v2\/pages\/258","targetHints":{"allow":["GET"]}}],"collection":[{"href":"https:\/\/www.istrieste.org\/it\/wp-json\/wp\/v2\/pages"}],"about":[{"href":"https:\/\/www.istrieste.org\/it\/wp-json\/wp\/v2\/types\/page"}],"author":[{"embeddable":true,"href":"https:\/\/www.istrieste.org\/it\/wp-json\/wp\/v2\/users\/1"}],"replies":[{"embeddable":true,"href":"https:\/\/www.istrieste.org\/it\/wp-json\/wp\/v2\/comments?post=258"}],"version-history":[{"count":9,"href":"https:\/\/www.istrieste.org\/it\/wp-json\/wp\/v2\/pages\/258\/revisions"}],"predecessor-version":[{"id":2791,"href":"https:\/\/www.istrieste.org\/it\/wp-json\/wp\/v2\/pages\/258\/revisions\/2791"}],"wp:attachment":[{"href":"https:\/\/www.istrieste.org\/it\/wp-json\/wp\/v2\/media?parent=258"}],"curies":[{"name":"wp","href":"https:\/\/api.w.org\/{rel}","templated":true}]}}