{"id":253,"date":"2019-06-27T16:44:26","date_gmt":"2019-06-27T14:44:26","guid":{"rendered":"http:\/\/test01.noiza.com\/homepage\/"},"modified":"2026-01-10T09:27:41","modified_gmt":"2026-01-10T08:27:41","slug":"homepage","status":"publish","type":"page","link":"https:\/\/www.istrieste.org\/it\/","title":{"rendered":"Homepage"},"content":{"rendered":"","protected":false},"excerpt":{"rendered":"","protected":false},"author":1,"featured_media":0,"parent":0,"menu_order":4,"comment_status":"closed","ping_status":"closed","template":"","meta":{"_acf_changed":false,"footnotes":""},"class_list":["post-253","page","type-page","status-publish","hentry"],"acf":[],"yoast_head":"<!-- This site is optimized with the Yoast SEO plugin v27.3 - https:\/\/yoast.com\/product\/yoast-seo-wordpress\/ -->\n<title>International School of Trieste - Il loro Futuro, La nostra missione<\/title>\n<meta name=\"description\" content=\"L&#039;IST \u00e8 l&#039;unica scuola internazionale in Italia a rilasciare i titoli di studio riconosciuti a tutti gli effetti da un&#039;apposita Legge dello Stato (art. 10, comma 3, della Legge 29 gennaio 1986, n. 26).La Scuola Internazionale di Trieste vuole offrire un percorso formativo caratterizzato da internazionalit\u00e0, prospettive globali, eccellenza educativa, completezza didattica e integrit\u00e0 etica a studenti di culture diverse che si pongono obiettivi ambiziosi. La nostra sfida \u00e8 sviluppare cultura internazionale, versatilit\u00e0 delle conoscenze, crescita della persona nella sua interezza.L&#039;IST \u00e8 l&#039;unica scuola internazionale in Italia a rilasciare i titoli di studio riconosciuti a tutti gli effetti da un&#039;apposita Legge dello Stato (art. 10, comma 3, della Legge 29 gennaio 1986, n. 26)\" \/>\n<meta name=\"robots\" content=\"index, follow, max-snippet:-1, max-image-preview:large, max-video-preview:-1\" \/>\n<link rel=\"canonical\" href=\"https:\/\/www.istrieste.org\/it\/\" \/>\n<meta property=\"og:locale\" content=\"it_IT\" \/>\n<meta property=\"og:type\" content=\"article\" \/>\n<meta property=\"og:title\" content=\"International School of Trieste - Il loro Futuro, La nostra missione\" \/>\n<meta property=\"og:description\" content=\"L&#039;IST \u00e8 l&#039;unica scuola internazionale in Italia a rilasciare i titoli di studio riconosciuti a tutti gli effetti da un&#039;apposita Legge dello Stato (art. 10, comma 3, della Legge 29 gennaio 1986, n. 26).La Scuola Internazionale di Trieste vuole offrire un percorso formativo caratterizzato da internazionalit\u00e0, prospettive globali, eccellenza educativa, completezza didattica e integrit\u00e0 etica a studenti di culture diverse che si pongono obiettivi ambiziosi. La nostra sfida \u00e8 sviluppare cultura internazionale, versatilit\u00e0 delle conoscenze, crescita della persona nella sua interezza.L&#039;IST \u00e8 l&#039;unica scuola internazionale in Italia a rilasciare i titoli di studio riconosciuti a tutti gli effetti da un&#039;apposita Legge dello Stato (art. 10, comma 3, della Legge 29 gennaio 1986, n. 26)\" \/>\n<meta property=\"og:url\" content=\"https:\/\/www.istrieste.org\/it\/\" \/>\n<meta property=\"og:site_name\" content=\"International School of Trieste\" \/>\n<meta property=\"article:modified_time\" content=\"2026-01-10T08:27:41+00:00\" \/>\n<meta name=\"twitter:card\" content=\"summary_large_image\" \/>\n<script type=\"application\/ld+json\" class=\"yoast-schema-graph\">{\"@context\":\"https:\\\/\\\/schema.org\",\"@graph\":[{\"@type\":\"WebPage\",\"@id\":\"https:\\\/\\\/www.istrieste.org\\\/it\\\/\",\"url\":\"https:\\\/\\\/www.istrieste.org\\\/it\\\/\",\"name\":\"International School of Trieste - Il loro Futuro, La nostra missione\",\"isPartOf\":{\"@id\":\"https:\\\/\\\/www.istrieste.org\\\/it\\\/#website\"},\"datePublished\":\"2019-06-27T14:44:26+00:00\",\"dateModified\":\"2026-01-10T08:27:41+00:00\",\"description\":\"L'IST \u00e8 l'unica scuola internazionale in Italia a rilasciare i titoli di studio riconosciuti a tutti gli effetti da un'apposita Legge dello Stato (art. 10, comma 3, della Legge 29 gennaio 1986, n. 26).La Scuola Internazionale di Trieste vuole offrire un percorso formativo caratterizzato da internazionalit\u00e0, prospettive globali, eccellenza educativa, completezza didattica e integrit\u00e0 etica a studenti di culture diverse che si pongono obiettivi ambiziosi. La nostra sfida \u00e8 sviluppare cultura internazionale, versatilit\u00e0 delle conoscenze, crescita della persona nella sua interezza.L'IST \u00e8 l'unica scuola internazionale in Italia a rilasciare i titoli di studio riconosciuti a tutti gli effetti da un'apposita Legge dello Stato (art. 10, comma 3, della Legge 29 gennaio 1986, n. 26)\",\"breadcrumb\":{\"@id\":\"https:\\\/\\\/www.istrieste.org\\\/it\\\/#breadcrumb\"},\"inLanguage\":\"it-IT\",\"potentialAction\":[{\"@type\":\"ReadAction\",\"target\":[\"https:\\\/\\\/www.istrieste.org\\\/it\\\/\"]}]},{\"@type\":\"BreadcrumbList\",\"@id\":\"https:\\\/\\\/www.istrieste.org\\\/it\\\/#breadcrumb\",\"itemListElement\":[{\"@type\":\"ListItem\",\"position\":1,\"name\":\"Home\",\"item\":\"https:\\\/\\\/www.istrieste.org\\\/it\\\/\"},{\"@type\":\"ListItem\",\"position\":2,\"name\":\"Homepage\"}]},{\"@type\":\"WebSite\",\"@id\":\"https:\\\/\\\/www.istrieste.org\\\/it\\\/#website\",\"url\":\"https:\\\/\\\/www.istrieste.org\\\/it\\\/\",\"name\":\"International School of Trieste\",\"description\":\"\",\"potentialAction\":[{\"@type\":\"SearchAction\",\"target\":{\"@type\":\"EntryPoint\",\"urlTemplate\":\"https:\\\/\\\/www.istrieste.org\\\/it\\\/?s={search_term_string}\"},\"query-input\":{\"@type\":\"PropertyValueSpecification\",\"valueRequired\":true,\"valueName\":\"search_term_string\"}}],\"inLanguage\":\"it-IT\"}]}<\/script>\n<!-- \/ Yoast SEO plugin. -->","yoast_head_json":{"title":"International School of Trieste - Il loro Futuro, La nostra missione","description":"L'IST \u00e8 l'unica scuola internazionale in Italia a rilasciare i titoli di studio riconosciuti a tutti gli effetti da un'apposita Legge dello Stato (art. 10, comma 3, della Legge 29 gennaio 1986, n. 26).La Scuola Internazionale di Trieste vuole offrire un percorso formativo caratterizzato da internazionalit\u00e0, prospettive globali, eccellenza educativa, completezza didattica e integrit\u00e0 etica a studenti di culture diverse che si pongono obiettivi ambiziosi. La nostra sfida \u00e8 sviluppare cultura internazionale, versatilit\u00e0 delle conoscenze, crescita della persona nella sua interezza.L'IST \u00e8 l'unica scuola internazionale in Italia a rilasciare i titoli di studio riconosciuti a tutti gli effetti da un'apposita Legge dello Stato (art. 10, comma 3, della Legge 29 gennaio 1986, n. 26)","robots":{"index":"index","follow":"follow","max-snippet":"max-snippet:-1","max-image-preview":"max-image-preview:large","max-video-preview":"max-video-preview:-1"},"canonical":"https:\/\/www.istrieste.org\/it\/","og_locale":"it_IT","og_type":"article","og_title":"International School of Trieste - Il loro Futuro, La nostra missione","og_description":"L'IST \u00e8 l'unica scuola internazionale in Italia a rilasciare i titoli di studio riconosciuti a tutti gli effetti da un'apposita Legge dello Stato (art. 10, comma 3, della Legge 29 gennaio 1986, n. 26).La Scuola Internazionale di Trieste vuole offrire un percorso formativo caratterizzato da internazionalit\u00e0, prospettive globali, eccellenza educativa, completezza didattica e integrit\u00e0 etica a studenti di culture diverse che si pongono obiettivi ambiziosi. La nostra sfida \u00e8 sviluppare cultura internazionale, versatilit\u00e0 delle conoscenze, crescita della persona nella sua interezza.L'IST \u00e8 l'unica scuola internazionale in Italia a rilasciare i titoli di studio riconosciuti a tutti gli effetti da un'apposita Legge dello Stato (art. 10, comma 3, della Legge 29 gennaio 1986, n. 26)","og_url":"https:\/\/www.istrieste.org\/it\/","og_site_name":"International School of Trieste","article_modified_time":"2026-01-10T08:27:41+00:00","twitter_card":"summary_large_image","schema":{"@context":"https:\/\/schema.org","@graph":[{"@type":"WebPage","@id":"https:\/\/www.istrieste.org\/it\/","url":"https:\/\/www.istrieste.org\/it\/","name":"International School of Trieste - Il loro Futuro, La nostra missione","isPartOf":{"@id":"https:\/\/www.istrieste.org\/it\/#website"},"datePublished":"2019-06-27T14:44:26+00:00","dateModified":"2026-01-10T08:27:41+00:00","description":"L'IST \u00e8 l'unica scuola internazionale in Italia a rilasciare i titoli di studio riconosciuti a tutti gli effetti da un'apposita Legge dello Stato (art. 10, comma 3, della Legge 29 gennaio 1986, n. 26).La Scuola Internazionale di Trieste vuole offrire un percorso formativo caratterizzato da internazionalit\u00e0, prospettive globali, eccellenza educativa, completezza didattica e integrit\u00e0 etica a studenti di culture diverse che si pongono obiettivi ambiziosi. La nostra sfida \u00e8 sviluppare cultura internazionale, versatilit\u00e0 delle conoscenze, crescita della persona nella sua interezza.L'IST \u00e8 l'unica scuola internazionale in Italia a rilasciare i titoli di studio riconosciuti a tutti gli effetti da un'apposita Legge dello Stato (art. 10, comma 3, della Legge 29 gennaio 1986, n. 26)","breadcrumb":{"@id":"https:\/\/www.istrieste.org\/it\/#breadcrumb"},"inLanguage":"it-IT","potentialAction":[{"@type":"ReadAction","target":["https:\/\/www.istrieste.org\/it\/"]}]},{"@type":"BreadcrumbList","@id":"https:\/\/www.istrieste.org\/it\/#breadcrumb","itemListElement":[{"@type":"ListItem","position":1,"name":"Home","item":"https:\/\/www.istrieste.org\/it\/"},{"@type":"ListItem","position":2,"name":"Homepage"}]},{"@type":"WebSite","@id":"https:\/\/www.istrieste.org\/it\/#website","url":"https:\/\/www.istrieste.org\/it\/","name":"International School of Trieste","description":"","potentialAction":[{"@type":"SearchAction","target":{"@type":"EntryPoint","urlTemplate":"https:\/\/www.istrieste.org\/it\/?s={search_term_string}"},"query-input":{"@type":"PropertyValueSpecification","valueRequired":true,"valueName":"search_term_string"}}],"inLanguage":"it-IT"}]}},"_links":{"self":[{"href":"https:\/\/www.istrieste.org\/it\/wp-json\/wp\/v2\/pages\/253","targetHints":{"allow":["GET"]}}],"collection":[{"href":"https:\/\/www.istrieste.org\/it\/wp-json\/wp\/v2\/pages"}],"about":[{"href":"https:\/\/www.istrieste.org\/it\/wp-json\/wp\/v2\/types\/page"}],"author":[{"embeddable":true,"href":"https:\/\/www.istrieste.org\/it\/wp-json\/wp\/v2\/users\/1"}],"replies":[{"embeddable":true,"href":"https:\/\/www.istrieste.org\/it\/wp-json\/wp\/v2\/comments?post=253"}],"version-history":[{"count":26,"href":"https:\/\/www.istrieste.org\/it\/wp-json\/wp\/v2\/pages\/253\/revisions"}],"predecessor-version":[{"id":3682,"href":"https:\/\/www.istrieste.org\/it\/wp-json\/wp\/v2\/pages\/253\/revisions\/3682"}],"wp:attachment":[{"href":"https:\/\/www.istrieste.org\/it\/wp-json\/wp\/v2\/media?parent=253"}],"curies":[{"name":"wp","href":"https:\/\/api.w.org\/{rel}","templated":true}]}}