{"id":1984,"date":"2022-05-17T15:12:45","date_gmt":"2022-05-17T13:12:45","guid":{"rendered":"https:\/\/www.istrieste.org\/?page_id=1984"},"modified":"2022-05-17T15:34:32","modified_gmt":"2022-05-17T13:34:32","slug":"2022-cerimonie-diplomi","status":"publish","type":"page","link":"https:\/\/www.istrieste.org\/it\/2022-cerimonie-diplomi\/","title":{"rendered":"CERIMONIE DEI DIPLOMI 2022"},"content":{"rendered":"<p><span style=\"color: #222222;\"><span style=\"font-family: Arial, sans-serif;\"><span style=\"font-size: small;\"><b>KINDER 5 &#8211; <\/b><\/span><\/span><\/span><span style=\"color: #000000;\"><span style=\"font-family: Arial, sans-serif;\"><span style=\"font-size: small;\"><span lang=\"en-US\"><b>mercoled\u00ec 8 giugno alle 14.00 nel giardino sul retro<\/b><\/span><\/span><\/span><\/span><b> <\/b><\/p>\n<p><span style=\"color: #222222;\"><span style=\"font-family: Arial, sans-serif;\"><span style=\"font-size: small;\"><b>GRADE 5 &#8211; <\/b><\/span><\/span><\/span><span style=\"color: #000000;\"><span style=\"font-family: Arial, sans-serif;\"><span style=\"font-size: small;\"><span lang=\"en-US\"><b>mercoled\u00ec 15 giugno alle 10.00 nel giardino sul retro<\/b><\/span><\/span><\/span><\/span><b> <\/b><\/p>\n<p><span style=\"color: #222222;\"><span style=\"font-family: Arial, sans-serif;\"><span style=\"font-size: small;\"><b>GRADE 8 &#8211; <\/b><\/span><\/span><\/span><span style=\"color: #000000;\"><span style=\"font-family: Arial, sans-serif;\"><span style=\"font-size: small;\"><span lang=\"en-US\"><b>luned\u00ec 20 giugno alle 10.00 in palestra<\/b><\/span><\/span><\/span><\/span><b> <\/b><\/p>\n<p><span style=\"color: #000000;\"><span style=\"font-family: Arial, sans-serif;\"><span style=\"font-size: small;\"><b>GRADE 13 &#8211; <\/b><\/span><\/span><\/span><span style=\"color: #000000;\"><span style=\"font-family: Arial, sans-serif;\"><span style=\"font-size: small;\"><span lang=\"en-US\"><b>luned\u00ec 20 giugno alle 19.00 in palestra<\/b><\/span><\/span><\/span><\/span><b> <\/b><\/p>\n","protected":false},"excerpt":{"rendered":"<p>KINDER 5 &#8211; mercoled\u00ec 8 giugno alle 14.00 nel giardino sul retro GRADE 5 &#8211; mercoled\u00ec 15 giugno alle 10.00 nel giardino sul retro GRADE 8 &#8211; luned\u00ec 20 giugno alle 10.00 in palestra GRADE 13 &#8211; luned\u00ec 20 giugno alle 19.00 in palestra<\/p>\n","protected":false},"author":4,"featured_media":0,"parent":0,"menu_order":0,"comment_status":"closed","ping_status":"closed","template":"","meta":{"_acf_changed":false,"footnotes":""},"class_list":["post-1984","page","type-page","status-publish","hentry"],"acf":[],"yoast_head":"<!-- This site is optimized with the Yoast SEO plugin v27.5 - https:\/\/yoast.com\/product\/yoast-seo-wordpress\/ -->\n<title>CERIMONIE DEI DIPLOMI 2022 - International School of Trieste<\/title>\n<meta name=\"robots\" content=\"index, follow, max-snippet:-1, max-image-preview:large, max-video-preview:-1\" \/>\n<link rel=\"canonical\" href=\"https:\/\/www.istrieste.org\/it\/2022-cerimonie-diplomi\/\" \/>\n<meta property=\"og:locale\" content=\"it_IT\" \/>\n<meta property=\"og:type\" content=\"article\" \/>\n<meta property=\"og:title\" content=\"CERIMONIE DEI DIPLOMI 2022 - International School of Trieste\" \/>\n<meta property=\"og:description\" content=\"KINDER 5 &#8211; mercoled\u00ec 8 giugno alle 14.00 nel giardino sul retro GRADE 5 &#8211; mercoled\u00ec 15 giugno alle 10.00 nel giardino sul retro GRADE 8 &#8211; luned\u00ec 20 giugno alle 10.00 in palestra GRADE 13 &#8211; luned\u00ec 20 giugno alle 19.00 in palestra\" \/>\n<meta property=\"og:url\" content=\"https:\/\/www.istrieste.org\/it\/2022-cerimonie-diplomi\/\" \/>\n<meta property=\"og:site_name\" content=\"International School of Trieste\" \/>\n<meta property=\"article:modified_time\" content=\"2022-05-17T13:34:32+00:00\" \/>\n<meta name=\"twitter:card\" content=\"summary_large_image\" \/>\n<meta name=\"twitter:label1\" content=\"Tempo di lettura stimato\" \/>\n\t<meta name=\"twitter:data1\" content=\"1 minuto\" \/>\n<script type=\"application\/ld+json\" class=\"yoast-schema-graph\">{\"@context\":\"https:\\\/\\\/schema.org\",\"@graph\":[{\"@type\":\"WebPage\",\"@id\":\"https:\\\/\\\/www.istrieste.org\\\/it\\\/2022-cerimonie-diplomi\\\/\",\"url\":\"https:\\\/\\\/www.istrieste.org\\\/it\\\/2022-cerimonie-diplomi\\\/\",\"name\":\"CERIMONIE DEI DIPLOMI 2022 - International School of Trieste\",\"isPartOf\":{\"@id\":\"https:\\\/\\\/www.istrieste.org\\\/it\\\/#website\"},\"datePublished\":\"2022-05-17T13:12:45+00:00\",\"dateModified\":\"2022-05-17T13:34:32+00:00\",\"breadcrumb\":{\"@id\":\"https:\\\/\\\/www.istrieste.org\\\/it\\\/2022-cerimonie-diplomi\\\/#breadcrumb\"},\"inLanguage\":\"it-IT\",\"potentialAction\":[{\"@type\":\"ReadAction\",\"target\":[\"https:\\\/\\\/www.istrieste.org\\\/it\\\/2022-cerimonie-diplomi\\\/\"]}]},{\"@type\":\"BreadcrumbList\",\"@id\":\"https:\\\/\\\/www.istrieste.org\\\/it\\\/2022-cerimonie-diplomi\\\/#breadcrumb\",\"itemListElement\":[{\"@type\":\"ListItem\",\"position\":1,\"name\":\"Home\",\"item\":\"https:\\\/\\\/www.istrieste.org\\\/it\\\/\"},{\"@type\":\"ListItem\",\"position\":2,\"name\":\"CERIMONIE DEI DIPLOMI 2022\"}]},{\"@type\":\"WebSite\",\"@id\":\"https:\\\/\\\/www.istrieste.org\\\/it\\\/#website\",\"url\":\"https:\\\/\\\/www.istrieste.org\\\/it\\\/\",\"name\":\"International School of Trieste\",\"description\":\"\",\"potentialAction\":[{\"@type\":\"SearchAction\",\"target\":{\"@type\":\"EntryPoint\",\"urlTemplate\":\"https:\\\/\\\/www.istrieste.org\\\/it\\\/?s={search_term_string}\"},\"query-input\":{\"@type\":\"PropertyValueSpecification\",\"valueRequired\":true,\"valueName\":\"search_term_string\"}}],\"inLanguage\":\"it-IT\"}]}<\/script>\n<!-- \/ Yoast SEO plugin. -->","yoast_head_json":{"title":"CERIMONIE DEI DIPLOMI 2022 - International School of Trieste","robots":{"index":"index","follow":"follow","max-snippet":"max-snippet:-1","max-image-preview":"max-image-preview:large","max-video-preview":"max-video-preview:-1"},"canonical":"https:\/\/www.istrieste.org\/it\/2022-cerimonie-diplomi\/","og_locale":"it_IT","og_type":"article","og_title":"CERIMONIE DEI DIPLOMI 2022 - International School of Trieste","og_description":"KINDER 5 &#8211; mercoled\u00ec 8 giugno alle 14.00 nel giardino sul retro GRADE 5 &#8211; mercoled\u00ec 15 giugno alle 10.00 nel giardino sul retro GRADE 8 &#8211; luned\u00ec 20 giugno alle 10.00 in palestra GRADE 13 &#8211; luned\u00ec 20 giugno alle 19.00 in palestra","og_url":"https:\/\/www.istrieste.org\/it\/2022-cerimonie-diplomi\/","og_site_name":"International School of Trieste","article_modified_time":"2022-05-17T13:34:32+00:00","twitter_card":"summary_large_image","twitter_misc":{"Tempo di lettura stimato":"1 minuto"},"schema":{"@context":"https:\/\/schema.org","@graph":[{"@type":"WebPage","@id":"https:\/\/www.istrieste.org\/it\/2022-cerimonie-diplomi\/","url":"https:\/\/www.istrieste.org\/it\/2022-cerimonie-diplomi\/","name":"CERIMONIE DEI DIPLOMI 2022 - International School of Trieste","isPartOf":{"@id":"https:\/\/www.istrieste.org\/it\/#website"},"datePublished":"2022-05-17T13:12:45+00:00","dateModified":"2022-05-17T13:34:32+00:00","breadcrumb":{"@id":"https:\/\/www.istrieste.org\/it\/2022-cerimonie-diplomi\/#breadcrumb"},"inLanguage":"it-IT","potentialAction":[{"@type":"ReadAction","target":["https:\/\/www.istrieste.org\/it\/2022-cerimonie-diplomi\/"]}]},{"@type":"BreadcrumbList","@id":"https:\/\/www.istrieste.org\/it\/2022-cerimonie-diplomi\/#breadcrumb","itemListElement":[{"@type":"ListItem","position":1,"name":"Home","item":"https:\/\/www.istrieste.org\/it\/"},{"@type":"ListItem","position":2,"name":"CERIMONIE DEI DIPLOMI 2022"}]},{"@type":"WebSite","@id":"https:\/\/www.istrieste.org\/it\/#website","url":"https:\/\/www.istrieste.org\/it\/","name":"International School of Trieste","description":"","potentialAction":[{"@type":"SearchAction","target":{"@type":"EntryPoint","urlTemplate":"https:\/\/www.istrieste.org\/it\/?s={search_term_string}"},"query-input":{"@type":"PropertyValueSpecification","valueRequired":true,"valueName":"search_term_string"}}],"inLanguage":"it-IT"}]}},"_links":{"self":[{"href":"https:\/\/www.istrieste.org\/it\/wp-json\/wp\/v2\/pages\/1984","targetHints":{"allow":["GET"]}}],"collection":[{"href":"https:\/\/www.istrieste.org\/it\/wp-json\/wp\/v2\/pages"}],"about":[{"href":"https:\/\/www.istrieste.org\/it\/wp-json\/wp\/v2\/types\/page"}],"author":[{"embeddable":true,"href":"https:\/\/www.istrieste.org\/it\/wp-json\/wp\/v2\/users\/4"}],"replies":[{"embeddable":true,"href":"https:\/\/www.istrieste.org\/it\/wp-json\/wp\/v2\/comments?post=1984"}],"version-history":[{"count":4,"href":"https:\/\/www.istrieste.org\/it\/wp-json\/wp\/v2\/pages\/1984\/revisions"}],"predecessor-version":[{"id":2003,"href":"https:\/\/www.istrieste.org\/it\/wp-json\/wp\/v2\/pages\/1984\/revisions\/2003"}],"wp:attachment":[{"href":"https:\/\/www.istrieste.org\/it\/wp-json\/wp\/v2\/media?parent=1984"}],"curies":[{"name":"wp","href":"https:\/\/api.w.org\/{rel}","templated":true}]}}